{"id":14800,"date":"2025-07-15T09:59:10","date_gmt":"2025-07-15T09:59:10","guid":{"rendered":"https:\/\/biamarrakech.com\/?page_id=14800"},"modified":"2025-07-19T00:00:40","modified_gmt":"2025-07-19T00:00:40","slug":"equivalence","status":"publish","type":"page","link":"https:\/\/biamarrakech.com\/fr\/equivalence\/","title":{"rendered":"\u00c9quivalence"},"content":{"rendered":"<div data-elementor-type=\"wp-page\" data-elementor-id=\"14800\" class=\"elementor elementor-14800\" data-elementor-post-type=\"page\">\n\t\t\t\t<div class=\"elementor-element elementor-element-ac03ae1 e-con-full e-flex e-con e-parent\" data-id=\"ac03ae1\" data-element_type=\"container\" data-e-type=\"container\" data-settings=\"{&quot;ekit_has_onepagescroll_dot&quot;:&quot;yes&quot;}\">\n\t\t\t\t<div class=\"elementor-element elementor-element-a3eca77 elementor-widget elementor-widget-heading\" data-id=\"a3eca77\" data-element_type=\"widget\" data-e-type=\"widget\" data-settings=\"{&quot;ekit_we_effect_on&quot;:&quot;none&quot;}\" data-widget_type=\"heading.default\">\n\t\t\t\t<div class=\"elementor-widget-container\">\n\t\t\t\t\t<h2 class=\"elementor-heading-title elementor-size-default\"><strong>\u00c9quivalence de niveau acad\u00e9mique<\/strong><br>British International Academy Marrakech<\/h2>\t\t\t\t<\/div>\n\t\t\t\t<\/div>\n\t\t<div class=\"elementor-element elementor-element-9bd1ef0 e-grid e-con-boxed e-con e-child\" data-id=\"9bd1ef0\" data-element_type=\"container\" data-e-type=\"container\" data-settings=\"{&quot;ekit_has_onepagescroll_dot&quot;:&quot;yes&quot;}\">\n\t\t\t\t\t<div class=\"e-con-inner\">\n\t\t\t\t<div class=\"elementor-element elementor-element-9b3ae90 elementor-widget elementor-widget-text-editor\" data-id=\"9b3ae90\" data-element_type=\"widget\" data-e-type=\"widget\" data-settings=\"{&quot;ekit_we_effect_on&quot;:&quot;none&quot;}\" data-widget_type=\"text-editor.default\">\n\t\t\t\t<div class=\"elementor-widget-container\">\n\t\t\t\t\t\t\t\t\t<p>At <strong>British International Academy Marrakech<\/strong>, we understand how confusing it can be to compare school grade levels across different education systems. Whether you&#8217;re relocating to or from Morocco, or simply exploring international options, our interactive level <strong>equivalency tool<\/strong> helps you clearly understand how academic years match between <strong>France<\/strong>, the <strong>UK<\/strong>, the <strong>USA<\/strong>, and other systems.<\/p><p>Cet outil vous permet de :<\/p><ul><li>Select your <strong>current education system<\/strong> (France, UK, or USA)<\/li><li>Choose the <strong>section and grade level<\/strong> your child is currently in<\/li><li>Instantly view the <strong>equivalent level<\/strong> in another country<\/li><li>Discover the <strong>corresponding diploma<\/strong> (Baccalaur\u00e9at, A Levels, High School Diploma)<\/li><li>See the expected <strong>age range<\/strong> for each level<\/li><\/ul><p>Comprendre l'\u00e9quivalence scolaire est essentiel pour planifier les transitions \u00e9ducatives internationales. Cet outil est con\u00e7u pour\u00a0:<\/p><ul><li>Familles se d\u00e9pla\u00e7ant entre les pays<\/li><li>Administrateurs scolaires ou conseillers p\u00e9dagogiques<\/li><li>Parents comparant les programmes scolaires internationaux<\/li><li>\u00c9l\u00e8ves changeant d'\u00e9tablissement ou pr\u00e9parant leurs \u00e9tudes sup\u00e9rieures<\/li><\/ul><p>Que vous d\u00e9m\u00e9nagiez de Marrakech \u00e0 Londres ou de Paris \u00e0 Marrakech, notre outil de comparaison des niveaux scolaires vous permet d'\u00eatre parfaitement inform\u00e9 du parcours scolaire de votre enfant.<\/p>\t\t\t\t\t\t\t\t<\/div>\n\t\t\t\t<\/div>\n\t\t\t\t<div class=\"elementor-element elementor-element-918aa4b elementor-widget elementor-widget-html\" data-id=\"918aa4b\" data-element_type=\"widget\" data-e-type=\"widget\" data-settings=\"{&quot;ekit_we_effect_on&quot;:&quot;none&quot;}\" data-widget_type=\"html.default\">\n\t\t\t\t<div class=\"elementor-widget-container\">\n\t\t\t\t\t<style>\r\n#biam-equivalency-tool {\r\n  font-family: 'Arial', sans-serif;\r\n  background: #f9f9f9;\r\n  border: 1px solid #ddd;\r\n  padding: 20px;\r\n  max-width: 700px;\r\n  margin: auto;\r\n  border-radius: 10px;\r\n  box-shadow: 0 0 10px rgba(0,0,0,0.05);\r\n}\r\n\r\n#biam-equivalency-tool select,\r\n#biam-equivalency-tool label {\r\n  display: block;\r\n  width: 100%;\r\n  margin-top: 10px;\r\n  font-size: 14px;\r\n}\r\n\r\n#biam-equivalency-tool select {\r\n  padding: 6px;\r\n  margin-bottom: 10px;\r\n  border-radius: 4px;\r\n  border: 1px solid #ccc;\r\n}\r\n\r\n#biam-equivalency-tool h2 {\r\n  text-align: center;\r\n  color: #003366;\r\n}\r\n\r\n#biam-equivalency-tool #result {\r\n  background: #e6f4ea;\r\n  padding: 10px;\r\n  margin-top: 20px;\r\n  border-left: 4px solid #4CAF50;\r\n  border-radius: 4px;\r\n}\r\n<\/style>\r\n<body>\r\n  <div id=\"biam-equivalency-tool\">\r\n    <h2>Outil d'\u00e9quivalence de niveau acad\u00e9mique<\/h2>\r\n\r\n    <label>Choisissez votre syst\u00e8me actuel :<\/label>\r\n    <select id=\"fromSystem\" onchange=\"populateSections('from')\">\r\n      <option value=\"\">-- S\u00e9lectionner le syst\u00e8me --<\/option>\r\n      <option value=\"France\">France<\/option>\r\n      <option value=\"UK\">UK<\/option>\r\n      <option value=\"USA\">USA<\/option>\r\n    <\/select>\r\n\r\n    <label>Choisissez votre section actuelle :<\/label>\r\n    <select id=\"fromSection\" onchange=\"populateLevels('from')\">\r\n      <option value=\"\">-- S\u00e9lectionner la section --<\/option>\r\n    <\/select>\r\n\r\n    <label>Choisissez votre niveau :<\/label>\r\n    <select id=\"fromLevel\">\r\n      <option value=\"\">-- S\u00e9lectionner le niveau --<\/option>\r\n    <\/select>\r\n\r\n    <label>Convertir en syst\u00e8me :<\/label>\r\n    <select id=\"toSystem\" onchange=\"populateSections('to')\">\r\n      <option value=\"\">-- S\u00e9lectionner le syst\u00e8me --<\/option>\r\n      <option value=\"France\">France<\/option>\r\n      <option value=\"UK\">UK<\/option>\r\n      <option value=\"USA\">USA<\/option>\r\n    <\/select>\r\n\r\n    <div id=\"result\"><\/div>\r\n  <\/div>\r\n\r\n  <script>\r\n    const equivalencyData = [\r\n      { France: [\"Maternelle\", \"Petite section\"], UK: [\"Nursery School\", \"Nursery\"], USA: [\"Kindergarten\", \"Preschool\"], Age: \"3 \u2013 4\" },\r\n      { France: [\"Maternelle\", \"Moyenne section\"], UK: [\"Nursery School\", \"Reception\"], USA: [\"Kindergarten\", \"Pre-Kindergarten\"], Age: \"4 \u2013 5\" },\r\n      { France: [\"Maternelle\", \"Grande section\"], UK: [\"Nursery School\", \"Year 1\"], USA: [\"Kindergarten\", \"Kindergarten\"], Age: \"5 \u2013 6\" },\r\n      { France: [\"\u00c9cole Primaire\", \"CP\"], UK: [\"Primary School\", \"Year 2\"], USA: [\"Elementary School\", \"1st Grade\"], Age: \"6 \u2013 7\" },\r\n      { France: [\"\u00c9cole Primaire\", \"CE1\"], UK: [\"Primary School\", \"Year 3\"], USA: [\"Elementary School\", \"2nd Grade\"], Age: \"7 \u2013 8\" },\r\n      { France: [\"\u00c9cole Primaire\", \"CE2\"], UK: [\"Primary School\", \"Year 4\"], USA: [\"Elementary School\", \"3rd Grade\"], Age: \"8 \u2013 9\" },\r\n      { France: [\"\u00c9cole Primaire\", \"CM1\"], UK: [\"Primary School\", \"Year 5\"], USA: [\"Elementary School\", \"4th Grade\"], Age: \"9 \u2013 10\" },\r\n      { France: [\"\u00c9cole Primaire\", \"CM2\"], UK: [\"Primary School\", \"Year 6\"], USA: [\"Elementary School\", \"5th Grade\"], Age: \"10 \u2013 11\" },\r\n      { France: [\"Coll\u00e8ge\", \"Sixi\u00e8me\"], UK: [\"Secondary School\", \"Year 7\"], USA: [\"Middle School\", \"6th Grade\"], Age: \"11 \u2013 12\" },\r\n      { France: [\"Coll\u00e8ge\", \"Cinqui\u00e8me\"], UK: [\"Secondary School\", \"Year 8\"], USA: [\"Middle School\", \"7th Grade\"], Age: \"12 \u2013 13\" },\r\n      { France: [\"Coll\u00e8ge\", \"Quatri\u00e8me\"], UK: [\"Secondary School\", \"Year 9\"], USA: [\"Middle School\", \"8th Grade\"], Age: \"13 \u2013 14\" },\r\n      { France: [\"Coll\u00e8ge\", \"Troisi\u00e8me\"], UK: [\"Secondary School\", \"Year 10\"], USA: [\"High School\", \"9th Grade (Freshman)\"], Age: \"14 \u2013 15\" },\r\n      { France: [\"Lyc\u00e9e\", \"Seconde\"], UK: [\"Secondary School\", \"Year 11\"], USA: [\"High School\", \"10th Grade (Sophomore)\"], Age: \"15 \u2013 16\" },\r\n      { France: [\"Lyc\u00e9e\", \"Premi\u00e8re\"], UK: [\"Secondary School\", \"Year 12\"], USA: [\"High School\", \"11th Grade (Junior)\"], Age: \"16 \u2013 17\" },\r\n      { France: [\"Lyc\u00e9e\", \"Terminale\"], UK: [\"Secondary School\", \"Year 13\"], USA: [\"High School\", \"12th Grade (Senior)\"], Age: \"17 \u2013 18\", Diploma: {\r\n        France: \"Baccalaur\u00e9at\",\r\n        UK: \"A Levels\",\r\n        USA: \"High School Diploma\"\r\n      }}\r\n    ];\r\n\r\n    function populateSections(prefix) {\r\n      const system = document.getElementById(prefix + \"System\").value;\r\n      const sectionSelect = document.getElementById(prefix + \"Section\");\r\n      sectionSelect.innerHTML = '<option value=\"\">-- Select Section --<\/option>';\r\n      const sections = [...new Set(equivalencyData.map(row => row[system]?.[0]))];\r\n      sections.forEach(section => {\r\n        if (section) {\r\n          const opt = document.createElement(\"option\");\r\n          opt.value = section;\r\n          opt.textContent = section;\r\n          sectionSelect.appendChild(opt);\r\n        }\r\n      });\r\n      document.getElementById(prefix + \"Level\").innerHTML = '<option value=\"\">-- Select Level --<\/option>';\r\n    }\r\n\r\n    function populateLevels(prefix) {\r\n      const system = document.getElementById(prefix + \"System\").value;\r\n      const section = document.getElementById(prefix + \"Section\").value;\r\n      const levelSelect = document.getElementById(prefix + \"Level\");\r\n      levelSelect.innerHTML = '<option value=\"\">-- Select Level --<\/option>';\r\n      const levels = equivalencyData\r\n        .filter(row => row[system]?.[0] === section)\r\n        .map(row => row[system]?.[1]);\r\n      levels.forEach(level => {\r\n        const opt = document.createElement(\"option\");\r\n        opt.value = level;\r\n        opt.textContent = level;\r\n        levelSelect.appendChild(opt);\r\n      });\r\n    }\r\n\r\n    document.getElementById(\"fromLevel\").addEventListener(\"change\", showResult);\r\n    document.getElementById(\"toSystem\").addEventListener(\"change\", showResult);\r\n\r\n    function showResult() {\r\n      const fromSystem = document.getElementById(\"fromSystem\").value;\r\n      const fromSection = document.getElementById(\"fromSection\").value;\r\n      const fromLevel = document.getElementById(\"fromLevel\").value;\r\n      const toSystem = document.getElementById(\"toSystem\").value;\r\n      const resultDiv = document.getElementById(\"result\");\r\n\r\n      if (!fromSystem || !fromSection || !fromLevel || !toSystem) {\r\n        resultDiv.innerHTML = \"\";\r\n        return;\r\n      }\r\n\r\n      const match = equivalencyData.find(row =>\r\n        row[fromSystem]?.[0] === fromSection && row[fromSystem]?.[1] === fromLevel\r\n      );\r\n\r\n      if (!match || !match[toSystem]) {\r\n        resultDiv.innerHTML = \"No equivalent found.\";\r\n        return;\r\n      }\r\n\r\n      const [toSection, toLevel] = match[toSystem];\r\n      const diploma = match.Diploma?.[toSystem];\r\n\r\n      resultDiv.innerHTML = `\r\n        Equivalent in <strong>${toSystem}<\/strong>: \r\n        <span style=\"color: green;\">${toSection}<\/span> \u2013 \r\n        <span style=\"color: darkorange;\">${toLevel}<\/span><br>\r\n        Age range: <span style=\"color: blue;\">${match.Age}<\/span><br>\r\n        ${diploma ? `\ud83c\udf93 Corresponding Diploma: <strong style=\"color: purple;\">${diploma}<\/strong>` : ''}\r\n      `;\r\n    }\r\n  <\/script>\r\n<\/body>\r\n\t\t\t\t<\/div>\n\t\t\t\t<\/div>\n\t\t\t\t\t<\/div>\n\t\t\t\t<\/div>\n\t\t\t\t<\/div>\n\t\t\t\t<\/div>","protected":false},"excerpt":{"rendered":"<p>Academic Level EquivalencyBritish International Academy Marrakech At British International Academy Marrakech, we understand how confusing it can be to compare school grade levels across different education systems. Whether you&#8217;re relocating to or from Morocco, or simply exploring international options, our &hellip; <\/p>","protected":false},"author":2,"featured_media":802,"parent":0,"menu_order":0,"comment_status":"closed","ping_status":"closed","template":"","meta":{"footnotes":""},"class_list":["post-14800","page","type-page","status-publish","has-post-thumbnail","hentry"],"yoast_head":"<!-- This site is optimized with the Yoast SEO Premium plugin v25.4 (Yoast SEO v27.4) - https:\/\/yoast.com\/product\/yoast-seo-premium-wordpress\/ -->\n<title>Equivalency - BIAM<\/title>\n<meta name=\"description\" content=\"Compare school level equivalency in the UK, France, and USA systems effortlessly with our interactive tool designed for your family&#039;s needs.\" \/>\n<meta name=\"robots\" content=\"index, follow, max-snippet:-1, max-image-preview:large, max-video-preview:-1\" \/>\n<link rel=\"canonical\" href=\"https:\/\/biamarrakech.com\/fr\/equivalence\/\" \/>\n<meta property=\"og:locale\" content=\"fr_FR\" \/>\n<meta property=\"og:type\" content=\"article\" \/>\n<meta property=\"og:title\" content=\"Equivalency\" \/>\n<meta property=\"og:description\" content=\"Compare school level equivalency in the UK, France, and USA systems effortlessly with our interactive tool designed for your family&#039;s needs.\" \/>\n<meta property=\"og:url\" content=\"https:\/\/biamarrakech.com\/fr\/equivalence\/\" \/>\n<meta property=\"og:site_name\" content=\"BIAM\" \/>\n<meta property=\"article:modified_time\" content=\"2025-07-19T00:00:40+00:00\" \/>\n<meta property=\"og:image\" content=\"https:\/\/biamarrakech.com\/wp-content\/uploads\/2025\/05\/cropped-BIAM_logo.png\" \/>\n\t<meta property=\"og:image:width\" content=\"512\" \/>\n\t<meta property=\"og:image:height\" content=\"512\" \/>\n\t<meta property=\"og:image:type\" content=\"image\/png\" \/>\n<meta name=\"twitter:card\" content=\"summary_large_image\" \/>\n<meta name=\"twitter:label1\" content=\"Dur\u00e9e de lecture estim\u00e9e\" \/>\n\t<meta name=\"twitter:data1\" content=\"2 minutes\" \/>\n<script type=\"application\/ld+json\" class=\"yoast-schema-graph\">{\"@context\":\"https:\\\/\\\/schema.org\",\"@graph\":[{\"@type\":\"WebPage\",\"@id\":\"https:\\\/\\\/biamarrakech.com\\\/equivalency\\\/\",\"url\":\"https:\\\/\\\/biamarrakech.com\\\/equivalency\\\/\",\"name\":\"Equivalency - BIAM\",\"isPartOf\":{\"@id\":\"https:\\\/\\\/biamarrakech.com\\\/#website\"},\"primaryImageOfPage\":{\"@id\":\"https:\\\/\\\/biamarrakech.com\\\/equivalency\\\/#primaryimage\"},\"image\":{\"@id\":\"https:\\\/\\\/biamarrakech.com\\\/equivalency\\\/#primaryimage\"},\"thumbnailUrl\":\"https:\\\/\\\/biamarrakech.com\\\/wp-content\\\/uploads\\\/2025\\\/05\\\/cropped-BIAM_logo.png\",\"datePublished\":\"2025-07-15T09:59:10+00:00\",\"dateModified\":\"2025-07-19T00:00:40+00:00\",\"description\":\"Compare school level equivalency in the UK, France, and USA systems effortlessly with our interactive tool designed for your family's needs.\",\"breadcrumb\":{\"@id\":\"https:\\\/\\\/biamarrakech.com\\\/equivalency\\\/#breadcrumb\"},\"inLanguage\":\"fr-FR\",\"potentialAction\":[{\"@type\":\"ReadAction\",\"target\":[\"https:\\\/\\\/biamarrakech.com\\\/equivalency\\\/\"]}]},{\"@type\":\"ImageObject\",\"inLanguage\":\"fr-FR\",\"@id\":\"https:\\\/\\\/biamarrakech.com\\\/equivalency\\\/#primaryimage\",\"url\":\"https:\\\/\\\/biamarrakech.com\\\/wp-content\\\/uploads\\\/2025\\\/05\\\/cropped-BIAM_logo.png\",\"contentUrl\":\"https:\\\/\\\/biamarrakech.com\\\/wp-content\\\/uploads\\\/2025\\\/05\\\/cropped-BIAM_logo.png\",\"width\":512,\"height\":512},{\"@type\":\"BreadcrumbList\",\"@id\":\"https:\\\/\\\/biamarrakech.com\\\/equivalency\\\/#breadcrumb\",\"itemListElement\":[{\"@type\":\"ListItem\",\"position\":1,\"name\":\"Home\",\"item\":\"https:\\\/\\\/biamarrakech.com\\\/\"},{\"@type\":\"ListItem\",\"position\":2,\"name\":\"Equivalency\"}]},{\"@type\":\"WebSite\",\"@id\":\"https:\\\/\\\/biamarrakech.com\\\/#website\",\"url\":\"https:\\\/\\\/biamarrakech.com\\\/\",\"name\":\"British International Academy Marrakech\",\"description\":\"Learn Lead Succeed\",\"publisher\":{\"@id\":\"https:\\\/\\\/biamarrakech.com\\\/#organization\"},\"alternateName\":\"BIAM\",\"potentialAction\":[{\"@type\":\"SearchAction\",\"target\":{\"@type\":\"EntryPoint\",\"urlTemplate\":\"https:\\\/\\\/biamarrakech.com\\\/?s={search_term_string}\"},\"query-input\":{\"@type\":\"PropertyValueSpecification\",\"valueRequired\":true,\"valueName\":\"search_term_string\"}}],\"inLanguage\":\"fr-FR\"},{\"@type\":\"Organization\",\"@id\":\"https:\\\/\\\/biamarrakech.com\\\/#organization\",\"name\":\"British International Academy Marrakech\",\"alternateName\":\"BIAM\",\"url\":\"https:\\\/\\\/biamarrakech.com\\\/\",\"logo\":{\"@type\":\"ImageObject\",\"inLanguage\":\"fr-FR\",\"@id\":\"https:\\\/\\\/biamarrakech.com\\\/#\\\/schema\\\/logo\\\/image\\\/\",\"url\":\"https:\\\/\\\/biamarrakech.com\\\/wp-content\\\/uploads\\\/2025\\\/05\\\/BIAM_logo.png\",\"contentUrl\":\"https:\\\/\\\/biamarrakech.com\\\/wp-content\\\/uploads\\\/2025\\\/05\\\/BIAM_logo.png\",\"width\":1000,\"height\":1000,\"caption\":\"British International Academy Marrakech\"},\"image\":{\"@id\":\"https:\\\/\\\/biamarrakech.com\\\/#\\\/schema\\\/logo\\\/image\\\/\"},\"sameAs\":[\"https:\\\/\\\/instagram.com\\\/britishacademymarrakech\"]}]}<\/script>\n<!-- \/ Yoast SEO Premium plugin. -->","yoast_head_json":{"title":"\u00c9quivalence - BIAM","description":"Comparez facilement les niveaux scolaires au Royaume-Uni, en France et aux \u00c9tats-Unis gr\u00e2ce \u00e0 notre outil interactif con\u00e7u pour r\u00e9pondre aux besoins de votre famille.","robots":{"index":"index","follow":"follow","max-snippet":"max-snippet:-1","max-image-preview":"max-image-preview:large","max-video-preview":"max-video-preview:-1"},"canonical":"https:\/\/biamarrakech.com\/fr\/equivalence\/","og_locale":"fr_FR","og_type":"article","og_title":"Equivalency","og_description":"Compare school level equivalency in the UK, France, and USA systems effortlessly with our interactive tool designed for your family's needs.","og_url":"https:\/\/biamarrakech.com\/fr\/equivalence\/","og_site_name":"BIAM","article_modified_time":"2025-07-19T00:00:40+00:00","og_image":[{"width":512,"height":512,"url":"https:\/\/biamarrakech.com\/wp-content\/uploads\/2025\/05\/cropped-BIAM_logo.png","type":"image\/png"}],"twitter_card":"summary_large_image","twitter_misc":{"Dur\u00e9e de lecture estim\u00e9e":"2 minutes"},"schema":{"@context":"https:\/\/schema.org","@graph":[{"@type":"WebPage","@id":"https:\/\/biamarrakech.com\/equivalency\/","url":"https:\/\/biamarrakech.com\/equivalency\/","name":"\u00c9quivalence - BIAM","isPartOf":{"@id":"https:\/\/biamarrakech.com\/#website"},"primaryImageOfPage":{"@id":"https:\/\/biamarrakech.com\/equivalency\/#primaryimage"},"image":{"@id":"https:\/\/biamarrakech.com\/equivalency\/#primaryimage"},"thumbnailUrl":"https:\/\/biamarrakech.com\/wp-content\/uploads\/2025\/05\/cropped-BIAM_logo.png","datePublished":"2025-07-15T09:59:10+00:00","dateModified":"2025-07-19T00:00:40+00:00","description":"Comparez facilement les niveaux scolaires au Royaume-Uni, en France et aux \u00c9tats-Unis gr\u00e2ce \u00e0 notre outil interactif con\u00e7u pour r\u00e9pondre aux besoins de votre famille.","breadcrumb":{"@id":"https:\/\/biamarrakech.com\/equivalency\/#breadcrumb"},"inLanguage":"fr-FR","potentialAction":[{"@type":"ReadAction","target":["https:\/\/biamarrakech.com\/equivalency\/"]}]},{"@type":"ImageObject","inLanguage":"fr-FR","@id":"https:\/\/biamarrakech.com\/equivalency\/#primaryimage","url":"https:\/\/biamarrakech.com\/wp-content\/uploads\/2025\/05\/cropped-BIAM_logo.png","contentUrl":"https:\/\/biamarrakech.com\/wp-content\/uploads\/2025\/05\/cropped-BIAM_logo.png","width":512,"height":512},{"@type":"BreadcrumbList","@id":"https:\/\/biamarrakech.com\/equivalency\/#breadcrumb","itemListElement":[{"@type":"ListItem","position":1,"name":"Home","item":"https:\/\/biamarrakech.com\/"},{"@type":"ListItem","position":2,"name":"Equivalency"}]},{"@type":"WebSite","@id":"https:\/\/biamarrakech.com\/#website","url":"https:\/\/biamarrakech.com\/","name":"British International Academy Marrakech","description":"Learn Lead Succeed","publisher":{"@id":"https:\/\/biamarrakech.com\/#organization"},"alternateName":"BIAM","potentialAction":[{"@type":"SearchAction","target":{"@type":"EntryPoint","urlTemplate":"https:\/\/biamarrakech.com\/?s={search_term_string}"},"query-input":{"@type":"PropertyValueSpecification","valueRequired":true,"valueName":"search_term_string"}}],"inLanguage":"fr-FR"},{"@type":"Organization","@id":"https:\/\/biamarrakech.com\/#organization","name":"British International Academy Marrakech","alternateName":"BIAM","url":"https:\/\/biamarrakech.com\/","logo":{"@type":"ImageObject","inLanguage":"fr-FR","@id":"https:\/\/biamarrakech.com\/#\/schema\/logo\/image\/","url":"https:\/\/biamarrakech.com\/wp-content\/uploads\/2025\/05\/BIAM_logo.png","contentUrl":"https:\/\/biamarrakech.com\/wp-content\/uploads\/2025\/05\/BIAM_logo.png","width":1000,"height":1000,"caption":"British International Academy Marrakech"},"image":{"@id":"https:\/\/biamarrakech.com\/#\/schema\/logo\/image\/"},"sameAs":["https:\/\/instagram.com\/britishacademymarrakech"]}]}},"_links":{"self":[{"href":"https:\/\/biamarrakech.com\/fr\/wp-json\/wp\/v2\/pages\/14800","targetHints":{"allow":["GET"]}}],"collection":[{"href":"https:\/\/biamarrakech.com\/fr\/wp-json\/wp\/v2\/pages"}],"about":[{"href":"https:\/\/biamarrakech.com\/fr\/wp-json\/wp\/v2\/types\/page"}],"author":[{"embeddable":true,"href":"https:\/\/biamarrakech.com\/fr\/wp-json\/wp\/v2\/users\/2"}],"replies":[{"embeddable":true,"href":"https:\/\/biamarrakech.com\/fr\/wp-json\/wp\/v2\/comments?post=14800"}],"version-history":[{"count":19,"href":"https:\/\/biamarrakech.com\/fr\/wp-json\/wp\/v2\/pages\/14800\/revisions"}],"predecessor-version":[{"id":14826,"href":"https:\/\/biamarrakech.com\/fr\/wp-json\/wp\/v2\/pages\/14800\/revisions\/14826"}],"wp:featuredmedia":[{"embeddable":true,"href":"https:\/\/biamarrakech.com\/fr\/wp-json\/wp\/v2\/media\/802"}],"wp:attachment":[{"href":"https:\/\/biamarrakech.com\/fr\/wp-json\/wp\/v2\/media?parent=14800"}],"curies":[{"name":"wp","href":"https:\/\/api.w.org\/{rel}","templated":true}]}}