{"id":14750,"date":"2025-07-01T13:05:27","date_gmt":"2025-07-01T13:05:27","guid":{"rendered":"https:\/\/biamarrakech.com\/?page_id=14750"},"modified":"2025-07-01T13:09:39","modified_gmt":"2025-07-01T13:09:39","slug":"academic-uniform","status":"publish","type":"page","link":"https:\/\/biamarrakech.com\/fr\/academic-uniform\/","title":{"rendered":"Uniforme scolaire"},"content":{"rendered":"<div data-elementor-type=\"wp-page\" data-elementor-id=\"14750\" class=\"elementor elementor-14750\" data-elementor-post-type=\"page\">\n\t\t\t\t<div class=\"elementor-element elementor-element-e7ec833 e-flex e-con-boxed e-con e-parent\" data-id=\"e7ec833\" data-element_type=\"container\" data-e-type=\"container\" data-settings=\"{&quot;ekit_has_onepagescroll_dot&quot;:&quot;yes&quot;}\">\n\t\t\t\t\t<div class=\"e-con-inner\">\n\t\t\t\t<div class=\"elementor-element elementor-element-4b0d87f elementor-widget elementor-widget-heading\" data-id=\"4b0d87f\" data-element_type=\"widget\" data-e-type=\"widget\" data-settings=\"{&quot;ekit_we_effect_on&quot;:&quot;none&quot;}\" data-widget_type=\"heading.default\">\n\t\t\t\t<div class=\"elementor-widget-container\">\n\t\t\t\t\t<h2 class=\"elementor-heading-title elementor-size-default\">Uniforme scolaire \u00e0 la BIAM \u2013 Marrakech<\/h2>\t\t\t\t<\/div>\n\t\t\t\t<\/div>\n\t\t\t\t<div class=\"elementor-element elementor-element-d11abf3 elementor-widget-divider--view-line elementor-widget elementor-widget-divider\" data-id=\"d11abf3\" data-element_type=\"widget\" data-e-type=\"widget\" data-settings=\"{&quot;ekit_we_effect_on&quot;:&quot;none&quot;}\" data-widget_type=\"divider.default\">\n\t\t\t\t<div class=\"elementor-widget-container\">\n\t\t\t\t\t\t\t<div class=\"elementor-divider\">\n\t\t\t<span class=\"elementor-divider-separator\">\n\t\t\t\t\t\t<\/span>\n\t\t<\/div>\n\t\t\t\t\t\t<\/div>\n\t\t\t\t<\/div>\n\t\t\t\t\t<\/div>\n\t\t\t\t<\/div>\n\t\t<div class=\"elementor-element elementor-element-8867740 e-grid e-con-boxed e-con e-parent\" data-id=\"8867740\" data-element_type=\"container\" data-e-type=\"container\" data-settings=\"{&quot;ekit_has_onepagescroll_dot&quot;:&quot;yes&quot;}\">\n\t\t\t\t\t<div class=\"e-con-inner\">\n\t\t\t\t<div class=\"elementor-element elementor-element-3b5788d elementor-widget elementor-widget-text-editor\" data-id=\"3b5788d\" data-element_type=\"widget\" data-e-type=\"widget\" data-settings=\"{&quot;ekit_we_effect_on&quot;:&quot;none&quot;}\" data-widget_type=\"text-editor.default\">\n\t\t\t\t<div class=\"elementor-widget-container\">\n\t\t\t\t\t\t\t\t\t<h3 data-start=\"228\" data-end=\"275\">Favoriser la fiert\u00e9, l\u2019unit\u00e9 et le professionnalisme<\/h3><p data-start=\"277\" data-end=\"585\" class=\"translation-block\">\u00c0 la <strong>British International Academy Marrakech (BIAM)<\/strong>, nous sommes convaincus qu\u2019un uniforme scolaire soign\u00e9 et uniforme joue un r\u00f4le fondamental dans la construction de l\u2019identit\u00e9 scolaire et du sentiment d\u2019appartenance. L\u2019uniforme favorise l\u2019\u00e9galit\u00e9 entre les \u00e9l\u00e8ves, renforce la coh\u00e9sion sociale et refl\u00e8te les standards professionnels \u00e9lev\u00e9s attendus de nos \u00e9l\u00e8ves.<\/p><p data-start=\"587\" data-end=\"790\">Porter l\u2019uniforme BIAM est bien plus qu\u2019une obligation vestimentaire : c\u2019est un <strong>symbole de nos valeurs partag\u00e9es<\/strong> et un <strong>rappel quotidien<\/strong> que chaque \u00e9l\u00e8ve fait partie d\u2019une <strong>communaut\u00e9 scolaire internationale<\/strong>, respectueuse, ambitieuse et solidaire.<\/p><hr data-start=\"792\" data-end=\"795\" \/><h3 data-start=\"797\" data-end=\"841\"><strong data-start=\"801\" data-end=\"841\">8 avantages essentiels de l\u2019uniforme scolaire<\/strong><\/h3><ol data-start=\"843\" data-end=\"1679\"><li data-start=\"843\" data-end=\"940\"><p data-start=\"846\" data-end=\"940\"><strong data-start=\"846\" data-end=\"878\">Renforce le sentiment d\u2019appartenance<\/strong><br data-start=\"878\" data-end=\"881\" \/>Permet aux \u00e9l\u00e8ves de se sentir membres d\u2019une communaut\u00e9 unie et inclusive.<\/p><\/li><li data-start=\"942\" data-end=\"1032\"><p data-start=\"945\" data-end=\"1032\"><strong data-start=\"945\" data-end=\"969\">Favorise l\u2019esprit d\u2019\u00e9quipe<\/strong><br data-start=\"969\" data-end=\"972\" \/>Encourage la coop\u00e9ration, le respect mutuel et l\u2019esprit collectif.<\/p><\/li><li data-start=\"1034\" data-end=\"1139\"><p data-start=\"1037\" data-end=\"1139\"><strong data-start=\"1037\" data-end=\"1065\">\u00c9galise les diff\u00e9rences sociales<\/strong><br data-start=\"1065\" data-end=\"1068\" \/>R\u00e9duit les \u00e9carts visibles li\u00e9s \u00e0 l\u2019origine sociale ou \u00e9conomique.<\/p><\/li><li data-start=\"1141\" data-end=\"1229\"><p data-start=\"1144\" data-end=\"1229\"><strong data-start=\"1144\" data-end=\"1172\">Am\u00e9liore la s\u00e9curit\u00e9 \u00e0 l\u2019\u00e9cole<\/strong><br data-start=\"1172\" data-end=\"1175\" \/>Permet d\u2019identifier facilement les personnes ext\u00e9rieures au campus.<\/p><\/li><li data-start=\"1231\" data-end=\"1341\"><p data-start=\"1234\" data-end=\"1341\"><strong data-start=\"1234\" data-end=\"1270\">Simplifie la gestion du code vestimentaire<\/strong><br data-start=\"1270\" data-end=\"1273\" \/>\u00c9vite les conflits li\u00e9s aux tenues inappropri\u00e9es ou distrayantes.<\/p><\/li><li data-start=\"1343\" data-end=\"1444\"><p data-start=\"1346\" data-end=\"1444\"><strong data-start=\"1346\" data-end=\"1385\">D\u00e9courage les comportements inadapt\u00e9s<\/strong><br data-start=\"1385\" data-end=\"1388\" \/>Inspire un comportement plus mature et respectueux.<\/p><\/li><li data-start=\"1446\" data-end=\"1564\"><p data-start=\"1449\" data-end=\"1564\"><strong data-start=\"1449\" data-end=\"1495\">R\u00e9duit la violence li\u00e9e \u00e0 l\u2019apparence<\/strong><br data-start=\"1495\" data-end=\"1498\" \/>Limite les rivalit\u00e9s bas\u00e9es sur les marques ou la mode.<\/p><\/li><li data-start=\"1566\" data-end=\"1679\"><p data-start=\"1569\" data-end=\"1679\"><strong data-start=\"1569\" data-end=\"1603\">Valorise l\u2019image de l\u2019Acad\u00e9mie<\/strong><br data-start=\"1603\" data-end=\"1606\" \/>Refl\u00e8te un environnement scolaire professionnel, disciplin\u00e9 et valorisant.<\/p><\/li><\/ol>\t\t\t\t\t\t\t\t<\/div>\n\t\t\t\t<\/div>\n\t\t\t\t<div class=\"elementor-element elementor-element-cc3ea1b elementor-widget elementor-widget-text-editor\" data-id=\"cc3ea1b\" data-element_type=\"widget\" data-e-type=\"widget\" data-settings=\"{&quot;ekit_we_effect_on&quot;:&quot;none&quot;}\" data-widget_type=\"text-editor.default\">\n\t\t\t\t<div class=\"elementor-widget-container\">\n\t\t\t\t\t\t\t\t\t<hr data-start=\"1681\" data-end=\"1684\" \/><h3 data-start=\"1686\" data-end=\"1714\"><strong data-start=\"1690\" data-end=\"1714\">Notre uniforme acad\u00e9mique<\/strong><\/h3><p data-start=\"1716\" data-end=\"1940\" class=\"translation-block\">\u00c0 BIAM, nous accordons une grande importance \u00e0 la <strong>pr\u00e9sentation soign\u00e9e<\/strong>, \u00e0 la <strong>discipline personnelle<\/strong> et \u00e0 l\u2019<strong>image professionnelle<\/strong>. L\u2019uniforme pr\u00e9pare les \u00e9l\u00e8ves aux <strong>exigences du monde acad\u00e9mique et professionnel<\/strong>, tout en les incitant \u00e0 prendre <strong>fiert\u00e9 en eux-m\u00eames et en leur \u00e9cole<\/strong>.<br>\nNotre uniforme scolaire :<\/p><ul data-start=\"1942\" data-end=\"2185\"><li data-start=\"1942\" data-end=\"1991\"><p data-start=\"1944\" data-end=\"1991\"><strong data-start=\"1944\" data-end=\"1991\">Cr\u00e9e une <strong>identit\u00e9 forte et coh\u00e9rente<\/strong> de la BIAM<\/strong><\/p><\/li><li data-start=\"1992\" data-end=\"2068\"><p data-start=\"1994\" data-end=\"2068\"><strong data-start=\"1994\" data-end=\"2068\">Encourage des standards \u00e9lev\u00e9s de responsabilit\u00e9 et d\u2019autonomie<\/strong><\/p><\/li><li data-start=\"2069\" data-end=\"2116\"><p data-start=\"2071\" data-end=\"2116\"><strong data-start=\"2071\" data-end=\"2116\">Soutient des valeurs d\u2019inclusion, de respect et d\u2019\u00e9galit\u00e9<\/strong><\/p><\/li><li data-start=\"2117\" data-end=\"2185\"><p data-start=\"2119\" data-end=\"2185\"><strong data-start=\"2119\" data-end=\"2185\">Pr\u00e9pare les \u00e9l\u00e8ves \u00e0 des carri\u00e8res futures et \u00e0 l\u2019excellence acad\u00e9mique<\/strong><\/p><\/li><\/ul><p data-start=\"2187\" data-end=\"2471\">Le port de l\u2019uniforme BIAM complet est obligatoire chaque jour pour tous les \u00e9l\u00e8ves, aussi bien sur le campus qu\u2019\u00e0 l\u2019ext\u00e9rieur. En tant qu\u2019<strong>ambassadeurs de l\u2019\u00e9cole<\/strong>, les \u00e9l\u00e8ves repr\u00e9sentent les <strong>valeurs et la r\u00e9putation de la BIAM<\/strong> \u00e0 chaque instant.<\/p><p data-start=\"2473\" data-end=\"2619\">Nous demandons \u00e0 toutes les familles de <strong>soutenir activement notre politique vestimentaire<\/strong>, en tant qu\u2019engagement partag\u00e9 vers un <strong>environnement d\u2019apprentissage respectueux, s\u00e9curis\u00e9 et orient\u00e9 vers la r\u00e9ussite<\/strong>.<\/p><p data-start=\"2473\" data-end=\"2619\"><img fetchpriority=\"high\" decoding=\"async\" class=\"aligncenter wp-image-14752 size-full\" src=\"https:\/\/biamarrakech.com\/wp-content\/uploads\/2025\/07\/uniform-sample.jpg\" alt=\"\" width=\"500\" height=\"470\" srcset=\"https:\/\/biamarrakech.com\/wp-content\/uploads\/2025\/07\/uniform-sample.jpg 500w, https:\/\/biamarrakech.com\/wp-content\/uploads\/2025\/07\/uniform-sample-300x282.jpg 300w\" sizes=\"(max-width: 500px) 100vw, 500px\" \/><\/p>\t\t\t\t\t\t\t\t<\/div>\n\t\t\t\t<\/div>\n\t\t\t\t\t<\/div>\n\t\t\t\t<\/div>\n\t\t\t\t<\/div>","protected":false},"excerpt":{"rendered":"<p>Uniform at BIAM Promoting Pride, Unity, and Professionalism At British International Academy Marrakech (BIAM), we believe that a smart, consistent school uniform plays an essential role in shaping the identity of our learning community. Uniforms foster a sense of belonging, &hellip; <\/p>","protected":false},"author":2,"featured_media":0,"parent":0,"menu_order":0,"comment_status":"closed","ping_status":"closed","template":"","meta":{"footnotes":""},"class_list":["post-14750","page","type-page","status-publish","hentry"],"yoast_head":"<!-- This site is optimized with the Yoast SEO Premium plugin v25.4 (Yoast SEO v27.4) - https:\/\/yoast.com\/product\/yoast-seo-premium-wordpress\/ -->\n<title>Academic Uniform - BIAM<\/title>\n<meta name=\"robots\" content=\"index, follow, max-snippet:-1, max-image-preview:large, max-video-preview:-1\" \/>\n<link rel=\"canonical\" href=\"https:\/\/biamarrakech.com\/fr\/academic-uniform\/\" \/>\n<meta property=\"og:locale\" content=\"fr_FR\" \/>\n<meta property=\"og:type\" content=\"article\" \/>\n<meta property=\"og:title\" content=\"Academic Uniform\" \/>\n<meta property=\"og:description\" content=\"Uniform at BIAM Promoting Pride, Unity, and Professionalism At British International Academy Marrakech (BIAM), we believe that a smart, consistent school uniform plays an essential role in shaping the identity of our learning community. Uniforms foster a sense of belonging, &hellip;\" \/>\n<meta property=\"og:url\" content=\"https:\/\/biamarrakech.com\/fr\/academic-uniform\/\" \/>\n<meta property=\"og:site_name\" content=\"BIAM\" \/>\n<meta property=\"article:modified_time\" content=\"2025-07-01T13:09:39+00:00\" \/>\n<meta property=\"og:image\" content=\"https:\/\/biamarrakech.com\/wp-content\/uploads\/2025\/07\/uniform-sample.jpg\" \/>\n<meta name=\"twitter:card\" content=\"summary_large_image\" \/>\n<meta name=\"twitter:label1\" content=\"Dur\u00e9e de lecture estim\u00e9e\" \/>\n\t<meta name=\"twitter:data1\" content=\"2 minutes\" \/>\n<script type=\"application\/ld+json\" class=\"yoast-schema-graph\">{\"@context\":\"https:\\\/\\\/schema.org\",\"@graph\":[{\"@type\":\"WebPage\",\"@id\":\"https:\\\/\\\/biamarrakech.com\\\/academic-uniform\\\/\",\"url\":\"https:\\\/\\\/biamarrakech.com\\\/academic-uniform\\\/\",\"name\":\"Academic Uniform - BIAM\",\"isPartOf\":{\"@id\":\"https:\\\/\\\/biamarrakech.com\\\/#website\"},\"primaryImageOfPage\":{\"@id\":\"https:\\\/\\\/biamarrakech.com\\\/academic-uniform\\\/#primaryimage\"},\"image\":{\"@id\":\"https:\\\/\\\/biamarrakech.com\\\/academic-uniform\\\/#primaryimage\"},\"thumbnailUrl\":\"https:\\\/\\\/biamarrakech.com\\\/wp-content\\\/uploads\\\/2025\\\/07\\\/uniform-sample.jpg\",\"datePublished\":\"2025-07-01T13:05:27+00:00\",\"dateModified\":\"2025-07-01T13:09:39+00:00\",\"breadcrumb\":{\"@id\":\"https:\\\/\\\/biamarrakech.com\\\/academic-uniform\\\/#breadcrumb\"},\"inLanguage\":\"fr-FR\",\"potentialAction\":[{\"@type\":\"ReadAction\",\"target\":[\"https:\\\/\\\/biamarrakech.com\\\/academic-uniform\\\/\"]}]},{\"@type\":\"ImageObject\",\"inLanguage\":\"fr-FR\",\"@id\":\"https:\\\/\\\/biamarrakech.com\\\/academic-uniform\\\/#primaryimage\",\"url\":\"https:\\\/\\\/biamarrakech.com\\\/wp-content\\\/uploads\\\/2025\\\/07\\\/uniform-sample.jpg\",\"contentUrl\":\"https:\\\/\\\/biamarrakech.com\\\/wp-content\\\/uploads\\\/2025\\\/07\\\/uniform-sample.jpg\"},{\"@type\":\"BreadcrumbList\",\"@id\":\"https:\\\/\\\/biamarrakech.com\\\/academic-uniform\\\/#breadcrumb\",\"itemListElement\":[{\"@type\":\"ListItem\",\"position\":1,\"name\":\"Home\",\"item\":\"https:\\\/\\\/biamarrakech.com\\\/\"},{\"@type\":\"ListItem\",\"position\":2,\"name\":\"Academic Uniform\"}]},{\"@type\":\"WebSite\",\"@id\":\"https:\\\/\\\/biamarrakech.com\\\/#website\",\"url\":\"https:\\\/\\\/biamarrakech.com\\\/\",\"name\":\"British International Academy Marrakech\",\"description\":\"Learn Lead Succeed\",\"publisher\":{\"@id\":\"https:\\\/\\\/biamarrakech.com\\\/#organization\"},\"alternateName\":\"BIAM\",\"potentialAction\":[{\"@type\":\"SearchAction\",\"target\":{\"@type\":\"EntryPoint\",\"urlTemplate\":\"https:\\\/\\\/biamarrakech.com\\\/?s={search_term_string}\"},\"query-input\":{\"@type\":\"PropertyValueSpecification\",\"valueRequired\":true,\"valueName\":\"search_term_string\"}}],\"inLanguage\":\"fr-FR\"},{\"@type\":\"Organization\",\"@id\":\"https:\\\/\\\/biamarrakech.com\\\/#organization\",\"name\":\"British International Academy Marrakech\",\"alternateName\":\"BIAM\",\"url\":\"https:\\\/\\\/biamarrakech.com\\\/\",\"logo\":{\"@type\":\"ImageObject\",\"inLanguage\":\"fr-FR\",\"@id\":\"https:\\\/\\\/biamarrakech.com\\\/#\\\/schema\\\/logo\\\/image\\\/\",\"url\":\"https:\\\/\\\/biamarrakech.com\\\/wp-content\\\/uploads\\\/2025\\\/05\\\/BIAM_logo.png\",\"contentUrl\":\"https:\\\/\\\/biamarrakech.com\\\/wp-content\\\/uploads\\\/2025\\\/05\\\/BIAM_logo.png\",\"width\":1000,\"height\":1000,\"caption\":\"British International Academy Marrakech\"},\"image\":{\"@id\":\"https:\\\/\\\/biamarrakech.com\\\/#\\\/schema\\\/logo\\\/image\\\/\"},\"sameAs\":[\"https:\\\/\\\/instagram.com\\\/britishacademymarrakech\"]}]}<\/script>\n<!-- \/ Yoast SEO Premium plugin. -->","yoast_head_json":{"title":"Academic Uniform - BIAM","robots":{"index":"index","follow":"follow","max-snippet":"max-snippet:-1","max-image-preview":"max-image-preview:large","max-video-preview":"max-video-preview:-1"},"canonical":"https:\/\/biamarrakech.com\/fr\/academic-uniform\/","og_locale":"fr_FR","og_type":"article","og_title":"Academic Uniform","og_description":"Uniform at BIAM Promoting Pride, Unity, and Professionalism At British International Academy Marrakech (BIAM), we believe that a smart, consistent school uniform plays an essential role in shaping the identity of our learning community. Uniforms foster a sense of belonging, &hellip;","og_url":"https:\/\/biamarrakech.com\/fr\/academic-uniform\/","og_site_name":"BIAM","article_modified_time":"2025-07-01T13:09:39+00:00","og_image":[{"url":"https:\/\/biamarrakech.com\/wp-content\/uploads\/2025\/07\/uniform-sample.jpg","type":"","width":"","height":""}],"twitter_card":"summary_large_image","twitter_misc":{"Dur\u00e9e de lecture estim\u00e9e":"2 minutes"},"schema":{"@context":"https:\/\/schema.org","@graph":[{"@type":"WebPage","@id":"https:\/\/biamarrakech.com\/academic-uniform\/","url":"https:\/\/biamarrakech.com\/academic-uniform\/","name":"Academic Uniform - BIAM","isPartOf":{"@id":"https:\/\/biamarrakech.com\/#website"},"primaryImageOfPage":{"@id":"https:\/\/biamarrakech.com\/academic-uniform\/#primaryimage"},"image":{"@id":"https:\/\/biamarrakech.com\/academic-uniform\/#primaryimage"},"thumbnailUrl":"https:\/\/biamarrakech.com\/wp-content\/uploads\/2025\/07\/uniform-sample.jpg","datePublished":"2025-07-01T13:05:27+00:00","dateModified":"2025-07-01T13:09:39+00:00","breadcrumb":{"@id":"https:\/\/biamarrakech.com\/academic-uniform\/#breadcrumb"},"inLanguage":"fr-FR","potentialAction":[{"@type":"ReadAction","target":["https:\/\/biamarrakech.com\/academic-uniform\/"]}]},{"@type":"ImageObject","inLanguage":"fr-FR","@id":"https:\/\/biamarrakech.com\/academic-uniform\/#primaryimage","url":"https:\/\/biamarrakech.com\/wp-content\/uploads\/2025\/07\/uniform-sample.jpg","contentUrl":"https:\/\/biamarrakech.com\/wp-content\/uploads\/2025\/07\/uniform-sample.jpg"},{"@type":"BreadcrumbList","@id":"https:\/\/biamarrakech.com\/academic-uniform\/#breadcrumb","itemListElement":[{"@type":"ListItem","position":1,"name":"Home","item":"https:\/\/biamarrakech.com\/"},{"@type":"ListItem","position":2,"name":"Academic Uniform"}]},{"@type":"WebSite","@id":"https:\/\/biamarrakech.com\/#website","url":"https:\/\/biamarrakech.com\/","name":"British International Academy Marrakech","description":"Learn Lead Succeed","publisher":{"@id":"https:\/\/biamarrakech.com\/#organization"},"alternateName":"BIAM","potentialAction":[{"@type":"SearchAction","target":{"@type":"EntryPoint","urlTemplate":"https:\/\/biamarrakech.com\/?s={search_term_string}"},"query-input":{"@type":"PropertyValueSpecification","valueRequired":true,"valueName":"search_term_string"}}],"inLanguage":"fr-FR"},{"@type":"Organization","@id":"https:\/\/biamarrakech.com\/#organization","name":"British International Academy Marrakech","alternateName":"BIAM","url":"https:\/\/biamarrakech.com\/","logo":{"@type":"ImageObject","inLanguage":"fr-FR","@id":"https:\/\/biamarrakech.com\/#\/schema\/logo\/image\/","url":"https:\/\/biamarrakech.com\/wp-content\/uploads\/2025\/05\/BIAM_logo.png","contentUrl":"https:\/\/biamarrakech.com\/wp-content\/uploads\/2025\/05\/BIAM_logo.png","width":1000,"height":1000,"caption":"British International Academy Marrakech"},"image":{"@id":"https:\/\/biamarrakech.com\/#\/schema\/logo\/image\/"},"sameAs":["https:\/\/instagram.com\/britishacademymarrakech"]}]}},"_links":{"self":[{"href":"https:\/\/biamarrakech.com\/fr\/wp-json\/wp\/v2\/pages\/14750","targetHints":{"allow":["GET"]}}],"collection":[{"href":"https:\/\/biamarrakech.com\/fr\/wp-json\/wp\/v2\/pages"}],"about":[{"href":"https:\/\/biamarrakech.com\/fr\/wp-json\/wp\/v2\/types\/page"}],"author":[{"embeddable":true,"href":"https:\/\/biamarrakech.com\/fr\/wp-json\/wp\/v2\/users\/2"}],"replies":[{"embeddable":true,"href":"https:\/\/biamarrakech.com\/fr\/wp-json\/wp\/v2\/comments?post=14750"}],"version-history":[{"count":7,"href":"https:\/\/biamarrakech.com\/fr\/wp-json\/wp\/v2\/pages\/14750\/revisions"}],"predecessor-version":[{"id":14758,"href":"https:\/\/biamarrakech.com\/fr\/wp-json\/wp\/v2\/pages\/14750\/revisions\/14758"}],"wp:attachment":[{"href":"https:\/\/biamarrakech.com\/fr\/wp-json\/wp\/v2\/media?parent=14750"}],"curies":[{"name":"wp","href":"https:\/\/api.w.org\/{rel}","templated":true}]}}