{"id":14582,"date":"2025-06-02T10:27:03","date_gmt":"2025-06-02T10:27:03","guid":{"rendered":"https:\/\/biamarrakech.com\/?page_id=14582"},"modified":"2025-07-24T19:34:22","modified_gmt":"2025-07-24T19:34:22","slug":"academy-policies","status":"publish","type":"page","link":"https:\/\/biamarrakech.com\/fr\/academy-policies\/","title":{"rendered":"Politiques de l\u2019acad\u00e9mie"},"content":{"rendered":"<div data-elementor-type=\"wp-page\" data-elementor-id=\"14582\" class=\"elementor elementor-14582\" data-elementor-post-type=\"page\">\n\t\t\t\t<div class=\"elementor-element elementor-element-98d9868 e-flex e-con-boxed e-con e-parent\" data-id=\"98d9868\" data-element_type=\"container\" data-e-type=\"container\" data-settings=\"{&quot;ekit_has_onepagescroll_dot&quot;:&quot;yes&quot;}\">\n\t\t\t\t\t<div class=\"e-con-inner\">\n\t\t<div class=\"elementor-element elementor-element-a096484 e-con-full e-flex e-con e-child\" data-id=\"a096484\" data-element_type=\"container\" data-e-type=\"container\" data-settings=\"{&quot;ekit_has_onepagescroll_dot&quot;:&quot;yes&quot;}\">\n\t\t\t\t<div class=\"elementor-element elementor-element-6036bc0 elementor-widget elementor-widget-text-editor\" data-id=\"6036bc0\" data-element_type=\"widget\" data-e-type=\"widget\" data-settings=\"{&quot;ekit_we_effect_on&quot;:&quot;none&quot;}\" data-widget_type=\"text-editor.default\">\n\t\t\t\t<div class=\"elementor-widget-container\">\n\t\t\t\t\t\t\t\t\t<p data-start=\"147\" data-end=\"440\">\u00c0 la British International Academy Marrakech, nous nous engageons \u00e0 offrir un environnement d\u2019apprentissage s\u00fbr, inclusif et bienveillant pour chaque membre de notre communaut\u00e9. Nos politiques sont con\u00e7ues pour garantir les normes les plus \u00e9lev\u00e9es en mati\u00e8re d\u2019\u00e9ducation, de bien-\u00eatre et de protection des \u00e9l\u00e8ves et du personnel.<\/p><p data-start=\"442\" data-end=\"537\">Vous trouverez ci-dessous des liens vers nos principales politiques, qui refl\u00e8tent nos valeurs fondamentales et orientent nos pratiques quotidiennes :<\/p>\t\t\t\t\t\t\t\t<\/div>\n\t\t\t\t<\/div>\n\t\t\t\t<div class=\"elementor-element elementor-element-396050d elementor-widget elementor-widget-elementskit-stylish-list\" data-id=\"396050d\" data-element_type=\"widget\" data-e-type=\"widget\" data-settings=\"{&quot;ekit_we_effect_on&quot;:&quot;none&quot;}\" data-widget_type=\"elementskit-stylish-list.default\">\n\t\t\t\t<div class=\"elementor-widget-container\">\n\t\t\t\t\t<div class=\"ekit-wid-con\">\t\t<ul class=\"ekit-stylish-list\" >\n\t\t\t\t\t\t\t<li class=\"ekit-stylish-list-content-wrapper elementor-repeater-item-8b746b2\" >\n\t\t\t\t\t\t\t\t\t\t\t<a class=\"ekit-wrapper-link\" href=\"https:\/\/drive.google.com\/file\/d\/1nT614tkIlQDx-HUOq3RntzA_fimgWOSi\/view?usp=drive_link\"><\/a>\n\t\t\t\t\t\t\t\t\t\t<div class=\"ekit-stylish-list-content\">\n\t\t\t\t\t\t\t\t\t\t\t\t\t\t\t\t\t\t\t<div class=\"ekit-stylish-list-content-icon\">\t\t\t\n\t\t\t\t\t\t\t\t<i aria-hidden=\"true\" class=\"icon icon-right-arrow1\"><\/i>\t\t\t\n\t\t\t\t\t\t\t<\/div>\n\t\t\t\t\t\t\t\t\t\t\t\t\t\t\t\t\t\t<div class=\"ekit-stylish-list-content-text\">\n\t\t\t\t\t\t\t<span class=\"ekit-stylish-list-content-title\">Politique de lutte contre le harc\u00e8lement scolaire<\/span>\n\t\t\t\t\t\t\t\t\t\t\t\t\t\t\t<span class=\"ekit-stylish-list-content-description\">Notre approche pour pr\u00e9venir et traiter les situations de harc\u00e8lement, encourager le respect mutuel et renforcer les relations positives.<\/span>\n\t\t\t\t\t\t\t\t\t\t\t\t\t<\/div>\n\t\t\t\t\t\t\t\t\t\t\t<\/div>\n\t\t\t\t\t\n\t\t\t\t<\/li>\n\t\t\t\t\t\t\t\t\t<div class=\"ekit-stylish-list-divider\"><\/div>\n\t\t\t\t\t\t\t\t\t\t\t<li class=\"ekit-stylish-list-content-wrapper elementor-repeater-item-45b4a5e\" >\n\t\t\t\t\t\t\t\t\t\t\t<a class=\"ekit-wrapper-link\" href=\"https:\/\/drive.google.com\/file\/d\/1EmELsrO80hJLKdD3pc8xXm--jczagsaY\/view?usp=drive_link\"><\/a>\n\t\t\t\t\t\t\t\t\t\t<div class=\"ekit-stylish-list-content\">\n\t\t\t\t\t\t\t\t\t\t\t\t\t\t\t\t\t\t\t<div class=\"ekit-stylish-list-content-icon\">\t\t\t\n\t\t\t\t\t\t\t\t<i aria-hidden=\"true\" class=\"icon icon-right-arrow1\"><\/i>\t\t\t\n\t\t\t\t\t\t\t<\/div>\n\t\t\t\t\t\t\t\t\t\t\t\t\t\t\t\t\t\t<div class=\"ekit-stylish-list-content-text\">\n\t\t\t\t\t\t\t<span class=\"ekit-stylish-list-content-title\">Politique d\u2019exclusion<\/span>\n\t\t\t\t\t\t\t\t\t\t\t\t\t\t\t<span class=\"ekit-stylish-list-content-description\">Des proc\u00e9dures claires et \u00e9quitables pour g\u00e9rer les comportements graves, avec coh\u00e9rence et attention port\u00e9e \u00e0 chaque situation.<\/span>\n\t\t\t\t\t\t\t\t\t\t\t\t\t<\/div>\n\t\t\t\t\t\t\t\t\t\t\t<\/div>\n\t\t\t\t\t\n\t\t\t\t<\/li>\n\t\t\t\t\t\t\t\t\t<div class=\"ekit-stylish-list-divider\"><\/div>\n\t\t\t\t\t\t\t\t\t\t\t<li class=\"ekit-stylish-list-content-wrapper elementor-repeater-item-5f9c852\" >\n\t\t\t\t\t\t\t\t\t\t\t<a class=\"ekit-wrapper-link\" href=\"https:\/\/drive.google.com\/file\/d\/1zXKYnzB9uZQTm1oNjqK3w6leANUUrIE-\/view?usp=drive_link\"><\/a>\n\t\t\t\t\t\t\t\t\t\t<div class=\"ekit-stylish-list-content\">\n\t\t\t\t\t\t\t\t\t\t\t\t\t\t\t\t\t\t\t<div class=\"ekit-stylish-list-content-icon\">\t\t\t\n\t\t\t\t\t\t\t\t<i aria-hidden=\"true\" class=\"icon icon-right-arrow1\"><\/i>\t\t\t\n\t\t\t\t\t\t\t<\/div>\n\t\t\t\t\t\t\t\t\t\t\t\t\t\t\t\t\t\t<div class=\"ekit-stylish-list-content-text\">\n\t\t\t\t\t\t\t<span class=\"ekit-stylish-list-content-title\">Politique de sant\u00e9 et s\u00e9curit\u00e9<\/span>\n\t\t\t\t\t\t\t\t\t\t\t\t\t\t\t<span class=\"ekit-stylish-list-content-description\">Les mesures mises en place pour garantir un environnement physique s\u00fbr pour les \u00e9l\u00e8ves, le personnel et les visiteurs.<\/span>\n\t\t\t\t\t\t\t\t\t\t\t\t\t<\/div>\n\t\t\t\t\t\t\t\t\t\t\t<\/div>\n\t\t\t\t\t\n\t\t\t\t<\/li>\n\t\t\t\t\t\t\t\t\t<div class=\"ekit-stylish-list-divider\"><\/div>\n\t\t\t\t\t\t\t\t\t\t\t<li class=\"ekit-stylish-list-content-wrapper elementor-repeater-item-bdd2654\" >\n\t\t\t\t\t\t\t\t\t\t\t<a class=\"ekit-wrapper-link\" href=\"https:\/\/drive.google.com\/file\/d\/1gIqlYnBvmyP-9m9oocyNqJ9hDF2FXepY\/view?usp=drive_link\"><\/a>\n\t\t\t\t\t\t\t\t\t\t<div class=\"ekit-stylish-list-content\">\n\t\t\t\t\t\t\t\t\t\t\t\t\t\t\t\t\t\t\t<div class=\"ekit-stylish-list-content-icon\">\t\t\t\n\t\t\t\t\t\t\t\t<i aria-hidden=\"true\" class=\"icon icon-right-arrow1\"><\/i>\t\t\t\n\t\t\t\t\t\t\t<\/div>\n\t\t\t\t\t\t\t\t\t\t\t\t\t\t\t\t\t\t<div class=\"ekit-stylish-list-content-text\">\n\t\t\t\t\t\t\t<span class=\"ekit-stylish-list-content-title\">Politique de recrutement et de s\u00e9lection s\u00e9curis\u00e9s<\/span>\n\t\t\t\t\t\t\t\t\t\t\t\t\t\t\t<span class=\"ekit-stylish-list-content-description\">Notre engagement \u00e0 prot\u00e9ger les enfants gr\u00e2ce \u00e0 des pratiques de recrutement rigoureuses et \u00e0 la v\u00e9rification syst\u00e9matique de tous les membres du personnel.<\/span>\n\t\t\t\t\t\t\t\t\t\t\t\t\t<\/div>\n\t\t\t\t\t\t\t\t\t\t\t<\/div>\n\t\t\t\t\t\n\t\t\t\t<\/li>\n\t\t\t\t\t\t\t\t\t<div class=\"ekit-stylish-list-divider\"><\/div>\n\t\t\t\t\t\t\t\t\t<\/ul>\n\t<\/div>\t\t\t\t<\/div>\n\t\t\t\t<\/div>\n\t\t\t\t<\/div>\n\t\t<div class=\"elementor-element elementor-element-4beceae e-con-full e-flex e-con e-child\" data-id=\"4beceae\" data-element_type=\"container\" data-e-type=\"container\" data-settings=\"{&quot;ekit_has_onepagescroll_dot&quot;:&quot;yes&quot;}\">\n\t\t\t\t<div class=\"elementor-element elementor-element-46c6563 elementor-widget elementor-widget-heading\" data-id=\"46c6563\" data-element_type=\"widget\" data-e-type=\"widget\" data-settings=\"{&quot;ekit_we_effect_on&quot;:&quot;none&quot;}\" data-widget_type=\"heading.default\">\n\t\t\t\t<div class=\"elementor-widget-container\">\n\t\t\t\t\t<h2 class=\"elementor-heading-title elementor-size-default\">Faire une demande<\/h2>\t\t\t\t<\/div>\n\t\t\t\t<\/div>\n\t\t\t\t<div class=\"elementor-element elementor-element-78ea5bd elementor-widget elementor-widget-wpforms\" data-id=\"78ea5bd\" data-element_type=\"widget\" data-e-type=\"widget\" data-settings=\"{&quot;ekit_we_effect_on&quot;:&quot;none&quot;}\" data-widget_type=\"wpforms.default\">\n\t\t\t\t<div class=\"elementor-widget-container\">\n\t\t\t\t\t<div class=\"wpforms-container\" id=\"wpforms-14037\"><form id=\"wpforms-form-14037\" class=\"wpforms-validate wpforms-form wpforms-ajax-form\" data-formid=\"14037\" method=\"post\" enctype=\"multipart\/form-data\" action=\"\/fr\/wp-json\/wp\/v2\/pages\/14582\" data-token=\"7bb77d5ec9caa8f2a0c85156368a204a\" data-token-time=\"1778245802\" data-trp-original-action=\"\/fr\/wp-json\/wp\/v2\/pages\/14582\"><noscript class=\"wpforms-error-noscript\">Veuillez activer JavaScript dans votre navigateur pour remplir ce formulaire.<\/noscript><div class=\"wpforms-field-container\"><div id=\"wpforms-14037-field_1-container\" class=\"wpforms-field wpforms-field-name\" data-field-id=\"1\"><label class=\"wpforms-field-label\">Nom <span class=\"wpforms-required-label\">*<\/span><\/label><div class=\"wpforms-field-row wpforms-field-large\"><div class=\"wpforms-field-row-block wpforms-first wpforms-one-half\"><input type=\"text\" id=\"wpforms-14037-field_1\" class=\"wpforms-field-name-first wpforms-field-required\" name=\"wpforms[fields][1][first]\" required><label for=\"wpforms-14037-field_1\" class=\"wpforms-field-sublabel after\">Pr\u00e9nom<\/label><\/div><div class=\"wpforms-field-row-block wpforms-one-half\"><input type=\"text\" id=\"wpforms-14037-field_1-last\" class=\"wpforms-field-name-last wpforms-field-required\" name=\"wpforms[fields][1][last]\" required><label for=\"wpforms-14037-field_1-last\" class=\"wpforms-field-sublabel after\">Nom<\/label><\/div><\/div><\/div><div id=\"wpforms-14037-field_2-container\" class=\"wpforms-field wpforms-field-email\" data-field-id=\"2\"><label class=\"wpforms-field-label\">Adresse e-mail <span class=\"wpforms-required-label\">*<\/span><\/label><div class=\"wpforms-field-row wpforms-field-large\"><div class=\"wpforms-field-row-block wpforms-one-half wpforms-first\"><input type=\"email\" id=\"wpforms-14037-field_2\" class=\"wpforms-field-required wpforms-field-email-primary\" name=\"wpforms[fields][2][primary]\" spellcheck=\"false\" required><label for=\"wpforms-14037-field_2\" class=\"wpforms-field-sublabel after\">E-mail<\/label><\/div><div class=\"wpforms-field-row-block wpforms-one-half\"><input type=\"email\" id=\"wpforms-14037-field_2-secondary\" class=\"wpforms-field-email-secondary wpforms-field-required\" data-rule-confirm=\"#wpforms-14037-field_2\" name=\"wpforms[fields][2][secondary]\" spellcheck=\"false\" required><label for=\"wpforms-14037-field_2-secondary\" class=\"wpforms-field-sublabel after\">Confirmez l\u2019e-mail<\/label><\/div><\/div><\/div><div id=\"wpforms-14037-field_3-container\" class=\"wpforms-field wpforms-field-textarea\" data-field-id=\"3\"><label class=\"wpforms-field-label\" for=\"wpforms-14037-field_3\">Message <span class=\"wpforms-required-label\">*<\/span><\/label><textarea id=\"wpforms-14037-field_3\" class=\"wpforms-field-small wpforms-field-required wpforms-limit-words-enabled\" data-form-id=\"14037\" data-field-id=\"3\" data-text-limit=\"2000\" name=\"wpforms[fields][3]\" required><\/textarea><\/div><\/div><!-- .wpforms-field-container --><div class=\"wpforms-submit-container\" ><input type=\"hidden\" name=\"wpforms[id]\" value=\"14037\"><input type=\"hidden\" name=\"page_title\" value=\"\"><input type=\"hidden\" name=\"page_url\" value=\"https:\/\/biamarrakech.com\/fr\/wp-json\/wp\/v2\/pages\/14582\"><input type=\"hidden\" name=\"url_referer\" value=\"\"><button type=\"submit\" name=\"wpforms[submit]\" id=\"wpforms-submit-14037\" class=\"wpforms-submit\" data-alt-text=\"Sending\u2026\" data-submit-text=\"Submit\" aria-live=\"assertive\" value=\"wpforms-submit\">Soumettre<\/button><img decoding=\"async\" src=\"https:\/\/biamarrakech.com\/wp-content\/plugins\/wpforms\/assets\/images\/submit-spin.svg\" class=\"wpforms-submit-spinner\" style=\"display: none;\" width=\"26\" height=\"26\" alt=\"Chargement en cours\"><\/div><input type=\"hidden\" name=\"trp-form-language\" value=\"fr\"\/><\/form><\/div>  <!-- .wpforms-container -->\t\t\t\t<\/div>\n\t\t\t\t<\/div>\n\t\t\t\t<\/div>\n\t\t\t\t\t<\/div>\n\t\t\t\t<\/div>\n\t\t\t\t<\/div>","protected":false},"excerpt":{"rendered":"<p>On this page you will find the policies in place at the British International Academy Marrakech.<\/p>","protected":false},"author":2,"featured_media":0,"parent":0,"menu_order":0,"comment_status":"closed","ping_status":"closed","template":"elementor_theme","meta":{"footnotes":""},"class_list":["post-14582","page","type-page","status-publish","hentry"],"yoast_head":"<!-- This site is optimized with the Yoast SEO Premium plugin v25.4 (Yoast SEO v27.4) - https:\/\/yoast.com\/product\/yoast-seo-premium-wordpress\/ -->\n<title>Academy Policies - BIAM<\/title>\n<meta name=\"robots\" content=\"index, follow, max-snippet:-1, max-image-preview:large, max-video-preview:-1\" \/>\n<link rel=\"canonical\" href=\"https:\/\/biamarrakech.com\/fr\/academy-policies\/\" \/>\n<meta property=\"og:locale\" content=\"fr_FR\" \/>\n<meta property=\"og:type\" content=\"article\" \/>\n<meta property=\"og:title\" content=\"Academy Policies\" \/>\n<meta property=\"og:description\" content=\"On this page you will find the policies in place at the British International Academy Marrakech.\" \/>\n<meta property=\"og:url\" content=\"https:\/\/biamarrakech.com\/fr\/academy-policies\/\" \/>\n<meta property=\"og:site_name\" content=\"BIAM\" \/>\n<meta property=\"article:modified_time\" content=\"2025-07-24T19:34:22+00:00\" \/>\n<meta property=\"og:image\" content=\"https:\/\/biamarrakech.com\/wp-content\/plugins\/wpforms\/assets\/images\/submit-spin.svg\" \/>\n<meta name=\"twitter:card\" content=\"summary_large_image\" \/>\n<meta name=\"twitter:label1\" content=\"Dur\u00e9e de lecture estim\u00e9e\" \/>\n\t<meta name=\"twitter:data1\" content=\"1 minute\" \/>\n<script type=\"application\/ld+json\" class=\"yoast-schema-graph\">{\"@context\":\"https:\\\/\\\/schema.org\",\"@graph\":[{\"@type\":\"WebPage\",\"@id\":\"https:\\\/\\\/biamarrakech.com\\\/academy-policies\\\/\",\"url\":\"https:\\\/\\\/biamarrakech.com\\\/academy-policies\\\/\",\"name\":\"Academy Policies - BIAM\",\"isPartOf\":{\"@id\":\"https:\\\/\\\/biamarrakech.com\\\/#website\"},\"primaryImageOfPage\":{\"@id\":\"https:\\\/\\\/biamarrakech.com\\\/academy-policies\\\/#primaryimage\"},\"image\":{\"@id\":\"https:\\\/\\\/biamarrakech.com\\\/academy-policies\\\/#primaryimage\"},\"thumbnailUrl\":\"https:\\\/\\\/biamarrakech.com\\\/wp-content\\\/plugins\\\/wpforms\\\/assets\\\/images\\\/submit-spin.svg\",\"datePublished\":\"2025-06-02T10:27:03+00:00\",\"dateModified\":\"2025-07-24T19:34:22+00:00\",\"breadcrumb\":{\"@id\":\"https:\\\/\\\/biamarrakech.com\\\/academy-policies\\\/#breadcrumb\"},\"inLanguage\":\"fr-FR\",\"potentialAction\":[{\"@type\":\"ReadAction\",\"target\":[\"https:\\\/\\\/biamarrakech.com\\\/academy-policies\\\/\"]}]},{\"@type\":\"ImageObject\",\"inLanguage\":\"fr-FR\",\"@id\":\"https:\\\/\\\/biamarrakech.com\\\/academy-policies\\\/#primaryimage\",\"url\":\"https:\\\/\\\/biamarrakech.com\\\/wp-content\\\/plugins\\\/wpforms\\\/assets\\\/images\\\/submit-spin.svg\",\"contentUrl\":\"https:\\\/\\\/biamarrakech.com\\\/wp-content\\\/plugins\\\/wpforms\\\/assets\\\/images\\\/submit-spin.svg\"},{\"@type\":\"BreadcrumbList\",\"@id\":\"https:\\\/\\\/biamarrakech.com\\\/academy-policies\\\/#breadcrumb\",\"itemListElement\":[{\"@type\":\"ListItem\",\"position\":1,\"name\":\"Home\",\"item\":\"https:\\\/\\\/biamarrakech.com\\\/\"},{\"@type\":\"ListItem\",\"position\":2,\"name\":\"Academy Policies\"}]},{\"@type\":\"WebSite\",\"@id\":\"https:\\\/\\\/biamarrakech.com\\\/#website\",\"url\":\"https:\\\/\\\/biamarrakech.com\\\/\",\"name\":\"British International Academy Marrakech\",\"description\":\"Learn Lead Succeed\",\"publisher\":{\"@id\":\"https:\\\/\\\/biamarrakech.com\\\/#organization\"},\"alternateName\":\"BIAM\",\"potentialAction\":[{\"@type\":\"SearchAction\",\"target\":{\"@type\":\"EntryPoint\",\"urlTemplate\":\"https:\\\/\\\/biamarrakech.com\\\/?s={search_term_string}\"},\"query-input\":{\"@type\":\"PropertyValueSpecification\",\"valueRequired\":true,\"valueName\":\"search_term_string\"}}],\"inLanguage\":\"fr-FR\"},{\"@type\":\"Organization\",\"@id\":\"https:\\\/\\\/biamarrakech.com\\\/#organization\",\"name\":\"British International Academy Marrakech\",\"alternateName\":\"BIAM\",\"url\":\"https:\\\/\\\/biamarrakech.com\\\/\",\"logo\":{\"@type\":\"ImageObject\",\"inLanguage\":\"fr-FR\",\"@id\":\"https:\\\/\\\/biamarrakech.com\\\/#\\\/schema\\\/logo\\\/image\\\/\",\"url\":\"https:\\\/\\\/biamarrakech.com\\\/wp-content\\\/uploads\\\/2025\\\/05\\\/BIAM_logo.png\",\"contentUrl\":\"https:\\\/\\\/biamarrakech.com\\\/wp-content\\\/uploads\\\/2025\\\/05\\\/BIAM_logo.png\",\"width\":1000,\"height\":1000,\"caption\":\"British International Academy Marrakech\"},\"image\":{\"@id\":\"https:\\\/\\\/biamarrakech.com\\\/#\\\/schema\\\/logo\\\/image\\\/\"},\"sameAs\":[\"https:\\\/\\\/instagram.com\\\/britishacademymarrakech\"]}]}<\/script>\n<!-- \/ Yoast SEO Premium plugin. -->","yoast_head_json":{"title":"Academy Policies - BIAM","robots":{"index":"index","follow":"follow","max-snippet":"max-snippet:-1","max-image-preview":"max-image-preview:large","max-video-preview":"max-video-preview:-1"},"canonical":"https:\/\/biamarrakech.com\/fr\/academy-policies\/","og_locale":"fr_FR","og_type":"article","og_title":"Academy Policies","og_description":"On this page you will find the policies in place at the British International Academy Marrakech.","og_url":"https:\/\/biamarrakech.com\/fr\/academy-policies\/","og_site_name":"BIAM","article_modified_time":"2025-07-24T19:34:22+00:00","og_image":[{"url":"https:\/\/biamarrakech.com\/wp-content\/plugins\/wpforms\/assets\/images\/submit-spin.svg","type":"","width":"","height":""}],"twitter_card":"summary_large_image","twitter_misc":{"Dur\u00e9e de lecture estim\u00e9e":"1 minute"},"schema":{"@context":"https:\/\/schema.org","@graph":[{"@type":"WebPage","@id":"https:\/\/biamarrakech.com\/academy-policies\/","url":"https:\/\/biamarrakech.com\/academy-policies\/","name":"Academy Policies - BIAM","isPartOf":{"@id":"https:\/\/biamarrakech.com\/#website"},"primaryImageOfPage":{"@id":"https:\/\/biamarrakech.com\/academy-policies\/#primaryimage"},"image":{"@id":"https:\/\/biamarrakech.com\/academy-policies\/#primaryimage"},"thumbnailUrl":"https:\/\/biamarrakech.com\/wp-content\/plugins\/wpforms\/assets\/images\/submit-spin.svg","datePublished":"2025-06-02T10:27:03+00:00","dateModified":"2025-07-24T19:34:22+00:00","breadcrumb":{"@id":"https:\/\/biamarrakech.com\/academy-policies\/#breadcrumb"},"inLanguage":"fr-FR","potentialAction":[{"@type":"ReadAction","target":["https:\/\/biamarrakech.com\/academy-policies\/"]}]},{"@type":"ImageObject","inLanguage":"fr-FR","@id":"https:\/\/biamarrakech.com\/academy-policies\/#primaryimage","url":"https:\/\/biamarrakech.com\/wp-content\/plugins\/wpforms\/assets\/images\/submit-spin.svg","contentUrl":"https:\/\/biamarrakech.com\/wp-content\/plugins\/wpforms\/assets\/images\/submit-spin.svg"},{"@type":"BreadcrumbList","@id":"https:\/\/biamarrakech.com\/academy-policies\/#breadcrumb","itemListElement":[{"@type":"ListItem","position":1,"name":"Home","item":"https:\/\/biamarrakech.com\/"},{"@type":"ListItem","position":2,"name":"Academy Policies"}]},{"@type":"WebSite","@id":"https:\/\/biamarrakech.com\/#website","url":"https:\/\/biamarrakech.com\/","name":"British International Academy Marrakech","description":"Learn Lead Succeed","publisher":{"@id":"https:\/\/biamarrakech.com\/#organization"},"alternateName":"BIAM","potentialAction":[{"@type":"SearchAction","target":{"@type":"EntryPoint","urlTemplate":"https:\/\/biamarrakech.com\/?s={search_term_string}"},"query-input":{"@type":"PropertyValueSpecification","valueRequired":true,"valueName":"search_term_string"}}],"inLanguage":"fr-FR"},{"@type":"Organization","@id":"https:\/\/biamarrakech.com\/#organization","name":"British International Academy Marrakech","alternateName":"BIAM","url":"https:\/\/biamarrakech.com\/","logo":{"@type":"ImageObject","inLanguage":"fr-FR","@id":"https:\/\/biamarrakech.com\/#\/schema\/logo\/image\/","url":"https:\/\/biamarrakech.com\/wp-content\/uploads\/2025\/05\/BIAM_logo.png","contentUrl":"https:\/\/biamarrakech.com\/wp-content\/uploads\/2025\/05\/BIAM_logo.png","width":1000,"height":1000,"caption":"British International Academy Marrakech"},"image":{"@id":"https:\/\/biamarrakech.com\/#\/schema\/logo\/image\/"},"sameAs":["https:\/\/instagram.com\/britishacademymarrakech"]}]}},"_links":{"self":[{"href":"https:\/\/biamarrakech.com\/fr\/wp-json\/wp\/v2\/pages\/14582","targetHints":{"allow":["GET"]}}],"collection":[{"href":"https:\/\/biamarrakech.com\/fr\/wp-json\/wp\/v2\/pages"}],"about":[{"href":"https:\/\/biamarrakech.com\/fr\/wp-json\/wp\/v2\/types\/page"}],"author":[{"embeddable":true,"href":"https:\/\/biamarrakech.com\/fr\/wp-json\/wp\/v2\/users\/2"}],"replies":[{"embeddable":true,"href":"https:\/\/biamarrakech.com\/fr\/wp-json\/wp\/v2\/comments?post=14582"}],"version-history":[{"count":19,"href":"https:\/\/biamarrakech.com\/fr\/wp-json\/wp\/v2\/pages\/14582\/revisions"}],"predecessor-version":[{"id":14845,"href":"https:\/\/biamarrakech.com\/fr\/wp-json\/wp\/v2\/pages\/14582\/revisions\/14845"}],"wp:attachment":[{"href":"https:\/\/biamarrakech.com\/fr\/wp-json\/wp\/v2\/media?parent=14582"}],"curies":[{"name":"wp","href":"https:\/\/api.w.org\/{rel}","templated":true}]}}