{"id":14448,"date":"2025-05-27T08:47:49","date_gmt":"2025-05-27T08:47:49","guid":{"rendered":"https:\/\/biamarrakech.com\/?page_id=14448"},"modified":"2025-07-24T20:39:56","modified_gmt":"2025-07-24T20:39:56","slug":"vision-and-values","status":"publish","type":"page","link":"https:\/\/biamarrakech.com\/fr\/vision-and-values\/","title":{"rendered":"Notre vision et nos valeurs"},"content":{"rendered":"<div data-elementor-type=\"wp-page\" data-elementor-id=\"14448\" class=\"elementor elementor-14448\" data-elementor-post-type=\"page\">\n\t\t\t\t<div class=\"elementor-element elementor-element-c3262b7 e-flex e-con-boxed e-con e-parent\" data-id=\"c3262b7\" data-element_type=\"container\" data-e-type=\"container\" data-settings=\"{&quot;ekit_has_onepagescroll_dot&quot;:&quot;yes&quot;}\">\n\t\t\t\t\t<div class=\"e-con-inner\">\n\t\t\t\t<div class=\"elementor-element elementor-element-021193d elementor-widget elementor-widget-elementskit-heading\" data-id=\"021193d\" data-element_type=\"widget\" data-e-type=\"widget\" data-settings=\"{&quot;ekit_we_effect_on&quot;:&quot;none&quot;}\" data-widget_type=\"elementskit-heading.default\">\n\t\t\t\t<div class=\"elementor-widget-container\">\n\t\t\t\t\t<div class=\"ekit-wid-con\" ><div class=\"ekit-heading elementskit-section-title-wraper text_left   ekit_heading_tablet-   ekit_heading_mobile-\"><h2 class=\"ekit-heading--title elementskit-section-title\">Un environnement d\u2019apprentissage <span><span>id\u00e9al<\/span><\/span> \u00e0 Marrakech<\/h2><div class=\"ekit_heading_separetor_wraper ekit_heading_elementskit-border-divider ekit-dotted\"><div class=\"elementskit-border-divider ekit-dotted\"><\/div><\/div><\/div><\/div>\t\t\t\t<\/div>\n\t\t\t\t<\/div>\n\t\t\t\t<div class=\"elementor-element elementor-element-7ed8751 elementor-widget elementor-widget-text-editor\" data-id=\"7ed8751\" data-element_type=\"widget\" data-e-type=\"widget\" data-settings=\"{&quot;ekit_we_effect_on&quot;:&quot;none&quot;}\" data-widget_type=\"text-editor.default\">\n\t\t\t\t<div class=\"elementor-widget-container\">\n\t\t\t\t\t\t\t\t\t<p>La <strong>British International Academy Marrakech (BIAM)<\/strong> offre un cadre \u00e9ducatif optimal pour favoriser le d\u00e9veloppement <strong>acad\u00e9mique et social<\/strong> de votre enfant. Notre programme repose sur des recherches p\u00e9dagogiques d\u00e9montrant que les enfants apprennent de mani\u00e8re plus profonde et authentique lorsqu\u2019ils prennent plaisir \u00e0 apprendre.<\/p><p>Notre approche \u00e9ducative \u00e9quilibre <strong>apprentissage acad\u00e9mique, cr\u00e9ativit\u00e9,<\/strong> <strong>\u00e9panouissement personnel<\/strong> et <strong>d\u00e9veloppement social<\/strong>, garantissant une exp\u00e9rience compl\u00e8te. Les \u00e9l\u00e8ves deviennent ainsi des apprenants confiants, \u00e9panouis et parfaitement pr\u00e9par\u00e9s pour les \u00e9tapes futures de leur parcours scolaire.<\/p>\t\t\t\t\t\t\t\t<\/div>\n\t\t\t\t<\/div>\n\t\t\t\t\t<\/div>\n\t\t\t\t<\/div>\n\t\t<div class=\"elementor-element elementor-element-b5460bb e-flex e-con-boxed e-con e-parent\" data-id=\"b5460bb\" data-element_type=\"container\" data-e-type=\"container\" data-settings=\"{&quot;background_background&quot;:&quot;classic&quot;,&quot;ekit_has_onepagescroll_dot&quot;:&quot;yes&quot;}\">\n\t\t\t\t\t<div class=\"e-con-inner\">\n\t\t<div class=\"elementor-element elementor-element-bf84103 e-con-full e-flex e-con e-child\" data-id=\"bf84103\" data-element_type=\"container\" data-e-type=\"container\" data-settings=\"{&quot;background_background&quot;:&quot;classic&quot;,&quot;ekit_has_onepagescroll_dot&quot;:&quot;yes&quot;}\">\n\t\t\t\t<div class=\"elementor-element elementor-element-0d0bd01 elementor-widget elementor-widget-elementskit-stylish-list\" data-id=\"0d0bd01\" data-element_type=\"widget\" data-e-type=\"widget\" data-settings=\"{&quot;ekit_we_effect_on&quot;:&quot;none&quot;}\" data-widget_type=\"elementskit-stylish-list.default\">\n\t\t\t\t<div class=\"elementor-widget-container\">\n\t\t\t\t\t<div class=\"ekit-wid-con\">\t\t<ul class=\"ekit-stylish-list\" >\n\t\t\t\t\t\t\t<li class=\"ekit-stylish-list-content-wrapper elementor-repeater-item-93d826e\" >\n\t\t\t\t\t\t\t\t\t\t<div class=\"ekit-stylish-list-content\">\n\t\t\t\t\t\t\t\t\t\t\t\t\t\t\t\t\t\t\t<div class=\"ekit-stylish-list-content-icon\">\t\t\t\n\t\t\t\t\t\t\t\t<i aria-hidden=\"true\" class=\"icon icon-right-arrow1\"><\/i>\t\t\t\n\t\t\t\t\t\t\t<\/div>\n\t\t\t\t\t\t\t\t\t\t\t\t\t\t\t\t\t\t<div class=\"ekit-stylish-list-content-text\">\n\t\t\t\t\t\t\t<span class=\"ekit-stylish-list-content-title\">Activit\u00e9s d\u2019enrichissement personnalis\u00e9es<\/span>\n\t\t\t\t\t\t\t\t\t\t\t\t\t\t\t<span class=\"ekit-stylish-list-content-description\">Nous proposons une large gamme d\u2019activit\u00e9s interactives et ludiques adapt\u00e9es aux centres d\u2019int\u00e9r\u00eat et aux styles d\u2019apprentissage de chaque enfant, stimulant leur curiosit\u00e9 et leur engagement.<\/span>\n\t\t\t\t\t\t\t\t\t\t\t\t\t<\/div>\n\t\t\t\t\t\t\t\t\t\t\t<\/div>\n\t\t\t\t\t\n\t\t\t\t<\/li>\n\t\t\t\t\t\t\t\t\t<div class=\"ekit-stylish-list-divider\"><\/div>\n\t\t\t\t\t\t\t\t\t\t\t<li class=\"ekit-stylish-list-content-wrapper elementor-repeater-item-657ee3f\" >\n\t\t\t\t\t\t\t\t\t\t<div class=\"ekit-stylish-list-content\">\n\t\t\t\t\t\t\t\t\t\t\t\t\t\t\t\t\t\t\t<div class=\"ekit-stylish-list-content-icon\">\t\t\t\n\t\t\t\t\t\t\t\t<i aria-hidden=\"true\" class=\"icon icon-right-arrow1\"><\/i>\t\t\t\n\t\t\t\t\t\t\t<\/div>\n\t\t\t\t\t\t\t\t\t\t\t\t\t\t\t\t\t\t<div class=\"ekit-stylish-list-content-text\">\n\t\t\t\t\t\t\t<span class=\"ekit-stylish-list-content-title\">D\u00e9veloppement holistique de l\u2019enfant<\/span>\n\t\t\t\t\t\t\t\t\t\t\t\t\t\t\t<span class=\"ekit-stylish-list-content-description\">Notre m\u00e9thode soutient la croissance \u00e9motionnelle, sociale, cognitive et physique des \u00e9l\u00e8ves, posant les bases solides d\u2019un apprentissage tout au long de la vie.<\/span>\n\t\t\t\t\t\t\t\t\t\t\t\t\t<\/div>\n\t\t\t\t\t\t\t\t\t\t\t<\/div>\n\t\t\t\t\t\n\t\t\t\t<\/li>\n\t\t\t\t\t\t\t\t\t<div class=\"ekit-stylish-list-divider\"><\/div>\n\t\t\t\t\t\t\t\t\t\t\t<li class=\"ekit-stylish-list-content-wrapper elementor-repeater-item-304d698\" >\n\t\t\t\t\t\t\t\t\t\t<div class=\"ekit-stylish-list-content\">\n\t\t\t\t\t\t\t\t\t\t\t\t\t\t\t\t\t\t\t<div class=\"ekit-stylish-list-content-icon\">\t\t\t\n\t\t\t\t\t\t\t\t<i aria-hidden=\"true\" class=\"icon icon-right-arrow1\"><\/i>\t\t\t\n\t\t\t\t\t\t\t<\/div>\n\t\t\t\t\t\t\t\t\t\t\t\t\t\t\t\t\t\t<div class=\"ekit-stylish-list-content-text\">\n\t\t\t\t\t\t\t<span class=\"ekit-stylish-list-content-title\">Un environnement d\u2019apprentissage inclusif<\/span>\n\t\t\t\t\t\t\t\t\t\t\t\t\t\t\t<span class=\"ekit-stylish-list-content-description\">Nos classes sont dot\u00e9es de mat\u00e9riels p\u00e9dagogiques adapt\u00e9s \u00e0 chaque stade de d\u00e9veloppement et refl\u00e9tant la diversit\u00e9 culturelle de notre communaut\u00e9 internationale.<\/span>\n\t\t\t\t\t\t\t\t\t\t\t\t\t<\/div>\n\t\t\t\t\t\t\t\t\t\t\t<\/div>\n\t\t\t\t\t\n\t\t\t\t<\/li>\n\t\t\t\t\t\t\t\t\t<div class=\"ekit-stylish-list-divider\"><\/div>\n\t\t\t\t\t\t\t\t\t\t\t<li class=\"ekit-stylish-list-content-wrapper elementor-repeater-item-9511ed8\" >\n\t\t\t\t\t\t\t\t\t\t<div class=\"ekit-stylish-list-content\">\n\t\t\t\t\t\t\t\t\t\t\t\t\t\t\t\t\t\t\t<div class=\"ekit-stylish-list-content-icon\">\t\t\t\n\t\t\t\t\t\t\t\t<i aria-hidden=\"true\" class=\"icon icon-right-arrow1\"><\/i>\t\t\t\n\t\t\t\t\t\t\t<\/div>\n\t\t\t\t\t\t\t\t\t\t\t\t\t\t\t\t\t\t<div class=\"ekit-stylish-list-content-text\">\n\t\t\t\t\t\t\t<span class=\"ekit-stylish-list-content-title\">Engagement envers des standards de qualit\u00e9 \u00e9lev\u00e9s<\/span>\n\t\t\t\t\t\t\t\t\t\t\t\t\t\t\t<span class=\"ekit-stylish-list-content-description\">Nous participons r\u00e9guli\u00e8rement \u00e0 des revues d\u2019assurance qualit\u00e9 et \u00e0 des enqu\u00eates parentales men\u00e9es par GSI pour garantir l\u2019excellence continue de notre enseignement et de nos services.<\/span>\n\t\t\t\t\t\t\t\t\t\t\t\t\t<\/div>\n\t\t\t\t\t\t\t\t\t\t\t<\/div>\n\t\t\t\t\t\n\t\t\t\t<\/li>\n\t\t\t\t\t\t\t\t\t<div class=\"ekit-stylish-list-divider\"><\/div>\n\t\t\t\t\t\t\t\t\t\t\t<li class=\"ekit-stylish-list-content-wrapper elementor-repeater-item-f2cd952\" >\n\t\t\t\t\t\t\t\t\t\t<div class=\"ekit-stylish-list-content\">\n\t\t\t\t\t\t\t\t\t\t\t\t\t\t\t\t\t\t\t<div class=\"ekit-stylish-list-content-icon\">\t\t\t\n\t\t\t\t\t\t\t\t<i aria-hidden=\"true\" class=\"icon icon-right-arrow1\"><\/i>\t\t\t\n\t\t\t\t\t\t\t<\/div>\n\t\t\t\t\t\t\t\t\t\t\t\t\t\t\t\t\t\t<div class=\"ekit-stylish-list-content-text\">\n\t\t\t\t\t\t\t<span class=\"ekit-stylish-list-content-title\">Formation continue des enseignants<\/span>\n\t\t\t\t\t\t\t\t\t\t\t\t\t\t\t<span class=\"ekit-stylish-list-content-description\">Nos enseignants b\u00e9n\u00e9ficient d\u2019une formation professionnelle continue en \u00e9ducation de la petite enfance, leur permettant de rester \u00e0 la pointe des meilleures pratiques p\u00e9dagogiques.<\/span>\n\t\t\t\t\t\t\t\t\t\t\t\t\t<\/div>\n\t\t\t\t\t\t\t\t\t\t\t<\/div>\n\t\t\t\t\t\n\t\t\t\t<\/li>\n\t\t\t\t\t\t\t\t\t<div class=\"ekit-stylish-list-divider\"><\/div>\n\t\t\t\t\t\t\t\t\t\t\t<li class=\"ekit-stylish-list-content-wrapper elementor-repeater-item-ba0887b\" >\n\t\t\t\t\t\t\t\t\t\t<div class=\"ekit-stylish-list-content\">\n\t\t\t\t\t\t\t\t\t\t\t\t\t\t\t\t\t\t\t<div class=\"ekit-stylish-list-content-icon\">\t\t\t\n\t\t\t\t\t\t\t\t<i aria-hidden=\"true\" class=\"icon icon-right-arrow1\"><\/i>\t\t\t\n\t\t\t\t\t\t\t<\/div>\n\t\t\t\t\t\t\t\t\t\t\t\t\t\t\t\t\t\t<div class=\"ekit-stylish-list-content-text\">\n\t\t\t\t\t\t\t<span class=\"ekit-stylish-list-content-title\">Partenariat solide avec les familles<\/span>\n\t\t\t\t\t\t\t\t\t\t\t\t\t\t\t<span class=\"ekit-stylish-list-content-description\">Nous entretenons une communication ouverte et respectueuse avec les familles, fond\u00e9e sur la confiance et des objectifs \u00e9ducatifs communs, favorisant une collaboration efficace \u00e9cole-parents.<\/span>\n\t\t\t\t\t\t\t\t\t\t\t\t\t<\/div>\n\t\t\t\t\t\t\t\t\t\t\t<\/div>\n\t\t\t\t\t\n\t\t\t\t<\/li>\n\t\t\t\t\t\t\t\t\t<div class=\"ekit-stylish-list-divider\"><\/div>\n\t\t\t\t\t\t\t\t\t<\/ul>\n\t<\/div>\t\t\t\t<\/div>\n\t\t\t\t<\/div>\n\t\t\t\t<\/div>\n\t\t<div class=\"elementor-element elementor-element-ca46438 e-con-full e-flex e-con e-child\" data-id=\"ca46438\" data-element_type=\"container\" data-e-type=\"container\" data-settings=\"{&quot;ekit_has_onepagescroll_dot&quot;:&quot;yes&quot;}\">\n\t\t\t\t<div class=\"elementor-element elementor-element-f53f389 elementor-widget__width-inherit elementor-widget elementor-widget-elementskit-image-morphing\" data-id=\"f53f389\" data-element_type=\"widget\" data-e-type=\"widget\" data-settings=\"{&quot;ekit_morphing_effect&quot;:&quot;easeInSine&quot;,&quot;ekit_morphing_direction&quot;:&quot;alternate&quot;,&quot;ekit_morphing_loop&quot;:&quot;yes&quot;,&quot;ekit_morphing_duration&quot;:2000,&quot;ekit_we_effect_on&quot;:&quot;none&quot;}\" data-widget_type=\"elementskit-image-morphing.default\">\n\t\t\t\t<div class=\"elementor-widget-container\">\n\t\t\t\t\t<div class=\"ekit-wid-con\" >        <div class=\"ekit-morphing-wrapper morphing-element-f53f389\" data-paths=\"[&quot;M150.779 2.00785C168.823 -3.65707 190.422 2.952 197.393 18.2158C204.228 33.3223 196.436 56.9261 187.688 75.4945C178.802 94.0628 168.96 107.753 160.758 128.524C152.556 149.296 145.994 177.148 131.094 190.524C116.194 203.899 92.9548 202.641 76.961 189.737C60.8304 176.834 51.8083 152.286 38.0016 132.931C24.0583 113.733 5.19378 99.8851 0.956094 82.1036C-3.28159 64.322 7.10757 42.6065 21.461 30.0177C35.9512 17.429 54.4056 13.9671 68.8957 17.9011C83.2492 21.8351 93.775 33.1649 106.078 29.5457C118.518 26.0838 132.871 7.83013 150.779 2.00785Z&quot;]\" data-morphing-id=\"f53f389\">\n\t\t\t\t\t\t\t<svg viewbox=\"0 0 200 200\" xmlns=\"http:\/\/www.w3.org\/2000\/svg\" preserveaspectratio=\"none\" class=\"ekit-svg-shape\">\n\t\t\t\t\t\t\t\t\t\t\t<clippath id=\"shape-morphing-f53f389\">\n\t\t\t\t\t\t<path d=\"M122.318 17.7375C140.562 27.4244 160.766 36.4864 176.598 53.2042C192.43 69.7658 203.889 94.1394 198.762 114.607C193.636 134.918 171.924 151.324 153.378 166.635C134.682 181.947 119.302 196.009 101.963 199.29C84.6235 202.415 65.4748 194.603 46.4768 188.04C27.4788 181.478 8.63164 176.01 6.06842 162.104C3.5052 148.199 17.226 125.7 16.1705 106.482C14.9643 87.1086 -0.867346 71.172 0.0373196 60.7038C0.791207 50.2356 18.583 45.2359 33.3592 33.6741C48.1354 22.2685 59.896 4.3007 73.9183 0.707155C87.9406 -2.88639 104.074 7.89425 122.318 17.7375Z\"\/>\n\t\t\t\t\t\t<\/clippath>\n\t\t\t\t\t\t<g clip-path=\"url(#shape-morphing-f53f389)\">\n\t\t\t\t\t\t\t<image id=\"14450\" class=\"ekit-morphing-image\" href=\"https:\/\/biamarrakech.com\/wp-content\/uploads\/2025\/05\/20240703_105741-768x1364.jpg\" preserveaspectratio=\"none\"><\/image>\n\t\t\t\t\t\t<\/g>\n\t\t\t\t\t\t\t\t\t<\/svg>\n\t\t\t        <\/div>\n       <\/div>\t\t\t\t<\/div>\n\t\t\t\t<\/div>\n\t\t\t\t<\/div>\n\t\t<div class=\"elementor-element elementor-element-46ad0c6 e-con-full e-flex e-con e-child\" data-id=\"46ad0c6\" data-element_type=\"container\" data-e-type=\"container\" data-settings=\"{&quot;ekit_has_onepagescroll_dot&quot;:&quot;yes&quot;}\">\n\t\t\t\t<div class=\"elementor-element elementor-element-e3b98fa elementor-widget__width-inherit elementor-widget elementor-widget-elementskit-image-morphing\" data-id=\"e3b98fa\" data-element_type=\"widget\" data-e-type=\"widget\" data-settings=\"{&quot;ekit_morphing_effect&quot;:&quot;easeInSine&quot;,&quot;ekit_morphing_direction&quot;:&quot;alternate&quot;,&quot;ekit_morphing_loop&quot;:&quot;yes&quot;,&quot;ekit_morphing_duration&quot;:2000,&quot;ekit_we_effect_on&quot;:&quot;none&quot;}\" data-widget_type=\"elementskit-image-morphing.default\">\n\t\t\t\t<div class=\"elementor-widget-container\">\n\t\t\t\t\t<div class=\"ekit-wid-con\" >        <div class=\"ekit-morphing-wrapper morphing-element-e3b98fa\" data-paths=\"[&quot;M150.779 2.00785C168.823 -3.65707 190.422 2.952 197.393 18.2158C204.228 33.3223 196.436 56.9261 187.688 75.4945C178.802 94.0628 168.96 107.753 160.758 128.524C152.556 149.296 145.994 177.148 131.094 190.524C116.194 203.899 92.9548 202.641 76.961 189.737C60.8304 176.834 51.8083 152.286 38.0016 132.931C24.0583 113.733 5.19378 99.8851 0.956094 82.1036C-3.28159 64.322 7.10757 42.6065 21.461 30.0177C35.9512 17.429 54.4056 13.9671 68.8957 17.9011C83.2492 21.8351 93.775 33.1649 106.078 29.5457C118.518 26.0838 132.871 7.83013 150.779 2.00785Z&quot;]\" data-morphing-id=\"e3b98fa\">\n\t\t\t\t\t\t\t<svg viewbox=\"0 0 200 200\" xmlns=\"http:\/\/www.w3.org\/2000\/svg\" preserveaspectratio=\"none\" class=\"ekit-svg-shape\">\n\t\t\t\t\t\t\t\t\t\t\t<clippath id=\"shape-morphing-e3b98fa\">\n\t\t\t\t\t\t<path d=\"M122.318 17.7375C140.562 27.4244 160.766 36.4864 176.598 53.2042C192.43 69.7658 203.889 94.1394 198.762 114.607C193.636 134.918 171.924 151.324 153.378 166.635C134.682 181.947 119.302 196.009 101.963 199.29C84.6235 202.415 65.4748 194.603 46.4768 188.04C27.4788 181.478 8.63164 176.01 6.06842 162.104C3.5052 148.199 17.226 125.7 16.1705 106.482C14.9643 87.1086 -0.867346 71.172 0.0373196 60.7038C0.791207 50.2356 18.583 45.2359 33.3592 33.6741C48.1354 22.2685 59.896 4.3007 73.9183 0.707155C87.9406 -2.88639 104.074 7.89425 122.318 17.7375Z\"\/>\n\t\t\t\t\t\t<\/clippath>\n\t\t\t\t\t\t<g clip-path=\"url(#shape-morphing-e3b98fa)\">\n\t\t\t\t\t\t\t<image id=\"14457\" class=\"ekit-morphing-image\" href=\"https:\/\/biamarrakech.com\/wp-content\/uploads\/2025\/05\/20240708_140017-768x1364.jpg\" preserveaspectratio=\"none\"><\/image>\n\t\t\t\t\t\t<\/g>\n\t\t\t\t\t\t\t\t\t<\/svg>\n\t\t\t        <\/div>\n       <\/div>\t\t\t\t<\/div>\n\t\t\t\t<\/div>\n\t\t\t\t<\/div>\n\t\t<div class=\"elementor-element elementor-element-d1e3f0b e-con-full e-flex e-con e-child\" data-id=\"d1e3f0b\" data-element_type=\"container\" data-e-type=\"container\" data-settings=\"{&quot;background_background&quot;:&quot;classic&quot;,&quot;ekit_has_onepagescroll_dot&quot;:&quot;yes&quot;}\">\n\t\t\t\t<div class=\"elementor-element elementor-element-2b65029 elementor-widget elementor-widget-elementskit-heading\" data-id=\"2b65029\" data-element_type=\"widget\" data-e-type=\"widget\" data-settings=\"{&quot;ekit_we_effect_on&quot;:&quot;none&quot;}\" data-widget_type=\"elementskit-heading.default\">\n\t\t\t\t<div class=\"elementor-widget-container\">\n\t\t\t\t\t<div class=\"ekit-wid-con\" ><div class=\"ekit-heading elementskit-section-title-wraper text_left   ekit_heading_tablet-   ekit_heading_mobile-\"><h2 class=\"ekit-heading--title elementskit-section-title\">Un programme <span><span>\u00e9volutif<\/span><\/span> et adapt\u00e9<\/h2><div class=\"ekit_heading_separetor_wraper ekit_heading_elementskit-border-divider ekit-dotted\"><div class=\"elementskit-border-divider ekit-dotted\"><\/div><\/div><\/div><\/div>\t\t\t\t<\/div>\n\t\t\t\t<\/div>\n\t\t\t\t<div class=\"elementor-element elementor-element-0a4573f elementor-widget elementor-widget-text-editor\" data-id=\"0a4573f\" data-element_type=\"widget\" data-e-type=\"widget\" data-settings=\"{&quot;ekit_we_effect_on&quot;:&quot;none&quot;}\" data-widget_type=\"text-editor.default\">\n\t\t\t\t<div class=\"elementor-widget-container\">\n\t\t\t\t\t\t\t\t\t<p>Au c\u0153ur de la philosophie \u00e9ducative de BIAM se trouve la conviction que chaque \u00e9l\u00e8ve peut r\u00e9ussir, quel que soit son \u00e2ge, et que ses capacit\u00e9s ne sont jamais limit\u00e9es \u00e0 l\u2019avance.<\/p><p>Nos \u00e9l\u00e8ves arrivent avec des intelligences, talents et passions vari\u00e9s. Les unit\u00e9s d\u2019apprentissage sont con\u00e7ues pour stimuler tous les styles d\u2019apprentissage et valoriser les forces individuelles.<\/p><p>Gr\u00e2ce \u00e0 une diversit\u00e9 de supports, d\u2019approches et d\u2019activit\u00e9s interconnect\u00e9es, les \u00e9l\u00e8ves explorent leurs atouts et apprennent \u00e0 identifier les domaines \u00e0 renforcer pour ma\u00eetriser pleinement les comp\u00e9tences requises.<\/p><p>Chez BIAM, l\u2019ensemble de l\u2019enseignement est r\u00e9guli\u00e8rement \u00e9valu\u00e9, analys\u00e9 et am\u00e9lior\u00e9, aboutissant \u00e0 un curriculum vivant<\/strong> qui \u00e9volue avec les m\u00e9thodes p\u00e9dagogiques les plus actuelles, de la petite section jusqu\u2019au secondaire.<\/p>\t\t\t\t\t\t\t\t<\/div>\n\t\t\t\t<\/div>\n\t\t\t\t<\/div>\n\t\t\t\t\t<\/div>\n\t\t\t\t<\/div>\n\t\t\t\t<\/div>","protected":false},"excerpt":{"rendered":"<p>An ideal learning environment in Marrakech The British International Academy Marrakech (BIAM) provides the optimal environment for your child\u2019s social and academic development. Our program is based on academic research that states children experience the deepest, most genuine learning when &hellip; <\/p>","protected":false},"author":2,"featured_media":0,"parent":0,"menu_order":0,"comment_status":"closed","ping_status":"closed","template":"","meta":{"footnotes":""},"class_list":["post-14448","page","type-page","status-publish","hentry"],"yoast_head":"<!-- This site is optimized with the Yoast SEO Premium plugin v25.4 (Yoast SEO v27.4) - https:\/\/yoast.com\/product\/yoast-seo-premium-wordpress\/ -->\n<title>Our Vision and Values - BIAM<\/title>\n<meta name=\"robots\" content=\"index, follow, max-snippet:-1, max-image-preview:large, max-video-preview:-1\" \/>\n<link rel=\"canonical\" href=\"https:\/\/biamarrakech.com\/fr\/vision-and-values\/\" \/>\n<meta property=\"og:locale\" content=\"fr_FR\" \/>\n<meta property=\"og:type\" content=\"article\" \/>\n<meta property=\"og:title\" content=\"Our Vision and Values\" \/>\n<meta property=\"og:description\" content=\"An ideal learning environment in Marrakech The British International Academy Marrakech (BIAM) provides the optimal environment for your child\u2019s social and academic development. Our program is based on academic research that states children experience the deepest, most genuine learning when &hellip;\" \/>\n<meta property=\"og:url\" content=\"https:\/\/biamarrakech.com\/fr\/vision-and-values\/\" \/>\n<meta property=\"og:site_name\" content=\"BIAM\" \/>\n<meta property=\"article:modified_time\" content=\"2025-07-24T20:39:56+00:00\" \/>\n<meta property=\"og:image\" content=\"https:\/\/biamarrakech.com\/wp-content\/uploads\/2025\/05\/cropped-BIAM_logo.png\" \/>\n\t<meta property=\"og:image:width\" content=\"512\" \/>\n\t<meta property=\"og:image:height\" content=\"512\" \/>\n\t<meta property=\"og:image:type\" content=\"image\/png\" \/>\n<meta name=\"twitter:card\" content=\"summary_large_image\" \/>\n<meta name=\"twitter:label1\" content=\"Dur\u00e9e de lecture estim\u00e9e\" \/>\n\t<meta name=\"twitter:data1\" content=\"2 minutes\" \/>\n<script type=\"application\/ld+json\" class=\"yoast-schema-graph\">{\"@context\":\"https:\\\/\\\/schema.org\",\"@graph\":[{\"@type\":\"WebPage\",\"@id\":\"https:\\\/\\\/biamarrakech.com\\\/vision-and-values\\\/\",\"url\":\"https:\\\/\\\/biamarrakech.com\\\/vision-and-values\\\/\",\"name\":\"Our Vision and Values - BIAM\",\"isPartOf\":{\"@id\":\"https:\\\/\\\/biamarrakech.com\\\/#website\"},\"datePublished\":\"2025-05-27T08:47:49+00:00\",\"dateModified\":\"2025-07-24T20:39:56+00:00\",\"breadcrumb\":{\"@id\":\"https:\\\/\\\/biamarrakech.com\\\/vision-and-values\\\/#breadcrumb\"},\"inLanguage\":\"fr-FR\",\"potentialAction\":[{\"@type\":\"ReadAction\",\"target\":[\"https:\\\/\\\/biamarrakech.com\\\/vision-and-values\\\/\"]}]},{\"@type\":\"BreadcrumbList\",\"@id\":\"https:\\\/\\\/biamarrakech.com\\\/vision-and-values\\\/#breadcrumb\",\"itemListElement\":[{\"@type\":\"ListItem\",\"position\":1,\"name\":\"Home\",\"item\":\"https:\\\/\\\/biamarrakech.com\\\/\"},{\"@type\":\"ListItem\",\"position\":2,\"name\":\"Our Vision and Values\"}]},{\"@type\":\"WebSite\",\"@id\":\"https:\\\/\\\/biamarrakech.com\\\/#website\",\"url\":\"https:\\\/\\\/biamarrakech.com\\\/\",\"name\":\"British International Academy Marrakech\",\"description\":\"Learn Lead Succeed\",\"publisher\":{\"@id\":\"https:\\\/\\\/biamarrakech.com\\\/#organization\"},\"alternateName\":\"BIAM\",\"potentialAction\":[{\"@type\":\"SearchAction\",\"target\":{\"@type\":\"EntryPoint\",\"urlTemplate\":\"https:\\\/\\\/biamarrakech.com\\\/?s={search_term_string}\"},\"query-input\":{\"@type\":\"PropertyValueSpecification\",\"valueRequired\":true,\"valueName\":\"search_term_string\"}}],\"inLanguage\":\"fr-FR\"},{\"@type\":\"Organization\",\"@id\":\"https:\\\/\\\/biamarrakech.com\\\/#organization\",\"name\":\"British International Academy Marrakech\",\"alternateName\":\"BIAM\",\"url\":\"https:\\\/\\\/biamarrakech.com\\\/\",\"logo\":{\"@type\":\"ImageObject\",\"inLanguage\":\"fr-FR\",\"@id\":\"https:\\\/\\\/biamarrakech.com\\\/#\\\/schema\\\/logo\\\/image\\\/\",\"url\":\"https:\\\/\\\/biamarrakech.com\\\/wp-content\\\/uploads\\\/2025\\\/05\\\/BIAM_logo.png\",\"contentUrl\":\"https:\\\/\\\/biamarrakech.com\\\/wp-content\\\/uploads\\\/2025\\\/05\\\/BIAM_logo.png\",\"width\":1000,\"height\":1000,\"caption\":\"British International Academy Marrakech\"},\"image\":{\"@id\":\"https:\\\/\\\/biamarrakech.com\\\/#\\\/schema\\\/logo\\\/image\\\/\"},\"sameAs\":[\"https:\\\/\\\/instagram.com\\\/britishacademymarrakech\"]}]}<\/script>\n<!-- \/ Yoast SEO Premium plugin. -->","yoast_head_json":{"title":"Our Vision and Values - BIAM","robots":{"index":"index","follow":"follow","max-snippet":"max-snippet:-1","max-image-preview":"max-image-preview:large","max-video-preview":"max-video-preview:-1"},"canonical":"https:\/\/biamarrakech.com\/fr\/vision-and-values\/","og_locale":"fr_FR","og_type":"article","og_title":"Our Vision and Values","og_description":"An ideal learning environment in Marrakech The British International Academy Marrakech (BIAM) provides the optimal environment for your child\u2019s social and academic development. Our program is based on academic research that states children experience the deepest, most genuine learning when &hellip;","og_url":"https:\/\/biamarrakech.com\/fr\/vision-and-values\/","og_site_name":"BIAM","article_modified_time":"2025-07-24T20:39:56+00:00","og_image":[{"width":512,"height":512,"url":"https:\/\/biamarrakech.com\/wp-content\/uploads\/2025\/05\/cropped-BIAM_logo.png","type":"image\/png"}],"twitter_card":"summary_large_image","twitter_misc":{"Dur\u00e9e de lecture estim\u00e9e":"2 minutes"},"schema":{"@context":"https:\/\/schema.org","@graph":[{"@type":"WebPage","@id":"https:\/\/biamarrakech.com\/vision-and-values\/","url":"https:\/\/biamarrakech.com\/vision-and-values\/","name":"Our Vision and Values - BIAM","isPartOf":{"@id":"https:\/\/biamarrakech.com\/#website"},"datePublished":"2025-05-27T08:47:49+00:00","dateModified":"2025-07-24T20:39:56+00:00","breadcrumb":{"@id":"https:\/\/biamarrakech.com\/vision-and-values\/#breadcrumb"},"inLanguage":"fr-FR","potentialAction":[{"@type":"ReadAction","target":["https:\/\/biamarrakech.com\/vision-and-values\/"]}]},{"@type":"BreadcrumbList","@id":"https:\/\/biamarrakech.com\/vision-and-values\/#breadcrumb","itemListElement":[{"@type":"ListItem","position":1,"name":"Home","item":"https:\/\/biamarrakech.com\/"},{"@type":"ListItem","position":2,"name":"Our Vision and Values"}]},{"@type":"WebSite","@id":"https:\/\/biamarrakech.com\/#website","url":"https:\/\/biamarrakech.com\/","name":"British International Academy Marrakech","description":"Learn Lead Succeed","publisher":{"@id":"https:\/\/biamarrakech.com\/#organization"},"alternateName":"BIAM","potentialAction":[{"@type":"SearchAction","target":{"@type":"EntryPoint","urlTemplate":"https:\/\/biamarrakech.com\/?s={search_term_string}"},"query-input":{"@type":"PropertyValueSpecification","valueRequired":true,"valueName":"search_term_string"}}],"inLanguage":"fr-FR"},{"@type":"Organization","@id":"https:\/\/biamarrakech.com\/#organization","name":"British International Academy Marrakech","alternateName":"BIAM","url":"https:\/\/biamarrakech.com\/","logo":{"@type":"ImageObject","inLanguage":"fr-FR","@id":"https:\/\/biamarrakech.com\/#\/schema\/logo\/image\/","url":"https:\/\/biamarrakech.com\/wp-content\/uploads\/2025\/05\/BIAM_logo.png","contentUrl":"https:\/\/biamarrakech.com\/wp-content\/uploads\/2025\/05\/BIAM_logo.png","width":1000,"height":1000,"caption":"British International Academy Marrakech"},"image":{"@id":"https:\/\/biamarrakech.com\/#\/schema\/logo\/image\/"},"sameAs":["https:\/\/instagram.com\/britishacademymarrakech"]}]}},"_links":{"self":[{"href":"https:\/\/biamarrakech.com\/fr\/wp-json\/wp\/v2\/pages\/14448","targetHints":{"allow":["GET"]}}],"collection":[{"href":"https:\/\/biamarrakech.com\/fr\/wp-json\/wp\/v2\/pages"}],"about":[{"href":"https:\/\/biamarrakech.com\/fr\/wp-json\/wp\/v2\/types\/page"}],"author":[{"embeddable":true,"href":"https:\/\/biamarrakech.com\/fr\/wp-json\/wp\/v2\/users\/2"}],"replies":[{"embeddable":true,"href":"https:\/\/biamarrakech.com\/fr\/wp-json\/wp\/v2\/comments?post=14448"}],"version-history":[{"count":25,"href":"https:\/\/biamarrakech.com\/fr\/wp-json\/wp\/v2\/pages\/14448\/revisions"}],"predecessor-version":[{"id":14851,"href":"https:\/\/biamarrakech.com\/fr\/wp-json\/wp\/v2\/pages\/14448\/revisions\/14851"}],"wp:attachment":[{"href":"https:\/\/biamarrakech.com\/fr\/wp-json\/wp\/v2\/media?parent=14448"}],"curies":[{"name":"wp","href":"https:\/\/api.w.org\/{rel}","templated":true}]}}