{"id":14384,"date":"2025-05-26T14:28:37","date_gmt":"2025-05-26T14:28:37","guid":{"rendered":"https:\/\/biamarrakech.com\/?page_id=14384"},"modified":"2025-05-26T14:37:25","modified_gmt":"2025-05-26T14:37:25","slug":"eyfs-reception","status":"publish","type":"page","link":"https:\/\/biamarrakech.com\/fr\/eyfs-reception\/","title":{"rendered":"Premi\u00e8res Ann\u00e9es"},"content":{"rendered":"<div data-elementor-type=\"wp-page\" data-elementor-id=\"14384\" class=\"elementor elementor-14384\" data-elementor-post-type=\"page\">\n\t\t\t\t<div class=\"elementor-element elementor-element-2b7810d e-flex e-con-boxed e-con e-parent\" data-id=\"2b7810d\" data-element_type=\"container\" data-e-type=\"container\" data-settings=\"{&quot;ekit_has_onepagescroll_dot&quot;:&quot;yes&quot;}\">\n\t\t\t\t\t<div class=\"e-con-inner\">\n\t\t\t\t<div class=\"elementor-element elementor-element-5441f20 elementor-widget elementor-widget-elementskit-fancy-animated-text\" data-id=\"5441f20\" data-element_type=\"widget\" data-e-type=\"widget\" data-settings=\"{&quot;ekit_we_effect_on&quot;:&quot;none&quot;}\" data-widget_type=\"elementskit-fancy-animated-text.default\">\n\t\t\t\t<div class=\"elementor-widget-container\">\n\t\t\t\t\t<div class=\"ekit-wid-con\" >            <h2 class=\"ekit-fancy-text clip is-full-width translation-block\" data-id=\"5441f20\" data-animation-settings=\"{&quot;animationStyle&quot;:&quot;animated&quot;,&quot;animationDelay&quot;:2500,&quot;loadingBar&quot;:3800,&quot;lettersDelay&quot;:50,&quot;typeLettersDelay&quot;:150,&quot;duration&quot;:500,&quot;revealDuration&quot;:600,&quot;revealAnimationDelay&quot;:1500}\"><span class=\"ekit-fancy-prefix-text\">Cycle des Premi\u00e8res Ann\u00e9es : <\/span>\n                        <span class=\"ekit-fancy-text-lists\" style=\"width: 425.766px\">\n                                        <b class=\"ekit-fancy-text elementor-repeater-item-bd781b9 is-visible\">D\u00e9couverte \/ Maternelle \/ Grande Section<\/b>\n                                    <\/span><\/h2>\n        <\/div>\t\t\t\t<\/div>\n\t\t\t\t<\/div>\n\t\t\t\t<div class=\"elementor-element elementor-element-7e8c2cc elementor-widget elementor-widget-gallery\" data-id=\"7e8c2cc\" data-element_type=\"widget\" data-e-type=\"widget\" data-settings=\"{&quot;lazyload&quot;:&quot;yes&quot;,&quot;gallery_layout&quot;:&quot;grid&quot;,&quot;columns&quot;:4,&quot;columns_tablet&quot;:2,&quot;columns_mobile&quot;:1,&quot;gap&quot;:{&quot;unit&quot;:&quot;px&quot;,&quot;size&quot;:10,&quot;sizes&quot;:[]},&quot;gap_tablet&quot;:{&quot;unit&quot;:&quot;px&quot;,&quot;size&quot;:10,&quot;sizes&quot;:[]},&quot;gap_mobile&quot;:{&quot;unit&quot;:&quot;px&quot;,&quot;size&quot;:10,&quot;sizes&quot;:[]},&quot;aspect_ratio&quot;:&quot;3:2&quot;,&quot;overlay_background&quot;:&quot;yes&quot;,&quot;content_hover_animation&quot;:&quot;fade-in&quot;,&quot;ekit_we_effect_on&quot;:&quot;none&quot;}\" data-widget_type=\"gallery.default\">\n\t\t\t\t<div class=\"elementor-widget-container\">\n\t\t\t\t\t\t\t<div class=\"elementor-gallery__container\">\n\t\t\t\t\t\t\t<div class=\"e-gallery-item elementor-gallery-item elementor-animated-content\">\n\t\t\t\t\t<div class=\"e-gallery-image elementor-gallery-item__image\" data-thumbnail=\"https:\/\/biamarrakech.com\/wp-content\/uploads\/2025\/05\/IMG-20250129-WA0105-768x1024.jpg\" data-width=\"640\" data-height=\"853\" aria-label=\"\" role=\"img\" ><\/div>\n\t\t\t\t\t\t\t\t\t\t\t<div class=\"elementor-gallery-item__overlay\"><\/div>\n\t\t\t\t\t\t\t\t\t\t\t\t\t\t<\/div>\n\t\t\t\t\t\t\t<div class=\"e-gallery-item elementor-gallery-item elementor-animated-content\">\n\t\t\t\t\t<div class=\"e-gallery-image elementor-gallery-item__image\" data-thumbnail=\"https:\/\/biamarrakech.com\/wp-content\/uploads\/2025\/05\/IMG-20240212-WA0025-768x1024.jpg\" data-width=\"640\" data-height=\"853\" aria-label=\"\" role=\"img\" ><\/div>\n\t\t\t\t\t\t\t\t\t\t\t<div class=\"elementor-gallery-item__overlay\"><\/div>\n\t\t\t\t\t\t\t\t\t\t\t\t\t\t<\/div>\n\t\t\t\t\t\t\t<div class=\"e-gallery-item elementor-gallery-item elementor-animated-content\">\n\t\t\t\t\t<div class=\"e-gallery-image elementor-gallery-item__image\" data-thumbnail=\"https:\/\/biamarrakech.com\/wp-content\/uploads\/2025\/05\/IMG_4488-768x1024.jpeg\" data-width=\"640\" data-height=\"853\" aria-label=\"\" role=\"img\" ><\/div>\n\t\t\t\t\t\t\t\t\t\t\t<div class=\"elementor-gallery-item__overlay\"><\/div>\n\t\t\t\t\t\t\t\t\t\t\t\t\t\t<\/div>\n\t\t\t\t\t\t\t<div class=\"e-gallery-item elementor-gallery-item elementor-animated-content\">\n\t\t\t\t\t<div class=\"e-gallery-image elementor-gallery-item__image\" data-thumbnail=\"https:\/\/biamarrakech.com\/wp-content\/uploads\/2025\/05\/IMG_4474-768x1024.jpeg\" data-width=\"640\" data-height=\"853\" aria-label=\"\" role=\"img\" ><\/div>\n\t\t\t\t\t\t\t\t\t\t\t<div class=\"elementor-gallery-item__overlay\"><\/div>\n\t\t\t\t\t\t\t\t\t\t\t\t\t\t<\/div>\n\t\t\t\t\t<\/div>\n\t\t\t\t\t<\/div>\n\t\t\t\t<\/div>\n\t\t\t\t\t<\/div>\n\t\t\t\t<\/div>\n\t\t<div class=\"elementor-element elementor-element-3a41560 e-flex e-con-boxed e-con e-parent\" data-id=\"3a41560\" data-element_type=\"container\" data-e-type=\"container\" data-settings=\"{&quot;ekit_has_onepagescroll_dot&quot;:&quot;yes&quot;}\">\n\t\t\t\t\t<div class=\"e-con-inner\">\n\t\t<div class=\"elementor-element elementor-element-6921d4c e-con-full e-flex e-con e-child\" data-id=\"6921d4c\" data-element_type=\"container\" data-e-type=\"container\" data-settings=\"{&quot;ekit_has_onepagescroll_dot&quot;:&quot;yes&quot;}\">\n\t\t\t\t<div class=\"elementor-element elementor-element-e0a1c7f elementor-widget elementor-widget-text-editor\" data-id=\"e0a1c7f\" data-element_type=\"widget\" data-e-type=\"widget\" data-settings=\"{&quot;ekit_we_effect_on&quot;:&quot;none&quot;}\" data-widget_type=\"text-editor.default\">\n\t\t\t\t<div class=\"elementor-widget-container\">\n\t\t\t\t\t\t\t\t\t<h2><span class=\"palette-color2-2\">La p\u00e9dagogie de BIAM<\/span><\/h2><div><p>Inspir\u00e9e de la p\u00e9dagogie Waldorf, la BIAM accueille chaque enfant comme un \u00eatre unique. Nous nous effor\u00e7ons de former des individus capables, qui donnent un sens \u00e0 leur vie et deviennent des personnes libres de penser et d\u2019agir.\nL\u2019enseignement \u00e0 BIAM vise \u00e0 \u00e9duquer l\u2019enfant dans sa globalit\u00e9 \u2014 t\u00eate, c\u0153ur et mains \u2014 en s\u2019appuyant sur une connaissance approfondie de sa vie int\u00e9rieure et en respectant ses \u00e9tapes de d\u00e9veloppement.<\/p><\/div>\t\t\t\t\t\t\t\t<\/div>\n\t\t\t\t<\/div>\n\t\t\t\t<div class=\"elementor-element elementor-element-b4c1900 elementor-invisible elementor-widget elementor-widget-image\" data-id=\"b4c1900\" data-element_type=\"widget\" data-e-type=\"widget\" data-settings=\"{&quot;_animation&quot;:&quot;bounceIn&quot;,&quot;ekit_we_effect_on&quot;:&quot;none&quot;}\" data-widget_type=\"image.default\">\n\t\t\t\t<div class=\"elementor-widget-container\">\n\t\t\t\t\t\t\t\t\t\t\t\t\t\t\t<img fetchpriority=\"high\" decoding=\"async\" width=\"300\" height=\"200\" src=\"https:\/\/biamarrakech.com\/wp-content\/uploads\/2025\/05\/IMG-20241008-WA0005-copy-300x200.jpg\" class=\"attachment-medium size-medium wp-image-14392\" alt=\"\" srcset=\"https:\/\/biamarrakech.com\/wp-content\/uploads\/2025\/05\/IMG-20241008-WA0005-copy-300x200.jpg 300w, https:\/\/biamarrakech.com\/wp-content\/uploads\/2025\/05\/IMG-20241008-WA0005-copy-768x512.jpg 768w, https:\/\/biamarrakech.com\/wp-content\/uploads\/2025\/05\/IMG-20241008-WA0005-copy-600x400.jpg 600w, https:\/\/biamarrakech.com\/wp-content\/uploads\/2025\/05\/IMG-20241008-WA0005-copy.jpg 918w\" sizes=\"(max-width: 300px) 100vw, 300px\" \/>\t\t\t\t\t\t\t\t\t\t\t\t\t\t\t<\/div>\n\t\t\t\t<\/div>\n\t\t\t\t<div class=\"elementor-element elementor-element-c874142 elementor-widget elementor-widget-text-editor\" data-id=\"c874142\" data-element_type=\"widget\" data-e-type=\"widget\" data-settings=\"{&quot;ekit_we_effect_on&quot;:&quot;none&quot;}\" data-widget_type=\"text-editor.default\">\n\t\t\t\t<div class=\"elementor-widget-container\">\n\t\t\t\t\t\t\t\t\t<p>L\u2019enfant est d\u2019abord amen\u00e9 \u00e0 vivre des exp\u00e9riences de mani\u00e8re active, puis \u00e0 les ressentir \u00e9motionnellement, avant de les aborder intellectuellement.<\/p><p>Notre programme, qu\u2019il s\u2019agisse de l\u2019apprentissage de l\u2019anglais, du fran\u00e7ais ou de l\u2019arabe, comprend des activit\u00e9s autour du langage, de la litt\u00e9ratie, de l\u2019\u00e9criture, des math\u00e9matiques et des sciences. Ces domaines d\u2019enseignement se concentrent sur le d\u00e9veloppement des comp\u00e9tences r\u00e9ceptives (\u00e9couter, lire, observer) et productives (parler, \u00e9crire, cr\u00e9er) des enfants.<\/p><p>Pour le Cycle des Premi\u00e8res Ann\u00e9es, BIAM propose trois programmes compl\u00e9mentaires, adapt\u00e9s non seulement \u00e0 l\u2019\u00e2ge, mais surtout au niveau de d\u00e9veloppement de chaque enfant.<\/p>\t\t\t\t\t\t\t\t<\/div>\n\t\t\t\t<\/div>\n\t\t\t\t<\/div>\n\t\t<div class=\"elementor-element elementor-element-903dbf8 e-con-full e-flex e-con e-child\" data-id=\"903dbf8\" data-element_type=\"container\" data-e-type=\"container\" data-settings=\"{&quot;ekit_has_onepagescroll_dot&quot;:&quot;yes&quot;}\">\n\t\t<div class=\"elementor-element elementor-element-72d9e91 e-con-full e-flex e-con e-child\" data-id=\"72d9e91\" data-element_type=\"container\" data-e-type=\"container\" data-settings=\"{&quot;ekit_has_onepagescroll_dot&quot;:&quot;yes&quot;}\">\n\t\t\t\t<div class=\"elementor-element elementor-element-5c28127 elementor-widget elementor-widget-text-editor\" data-id=\"5c28127\" data-element_type=\"widget\" data-e-type=\"widget\" data-settings=\"{&quot;ekit_we_effect_on&quot;:&quot;none&quot;}\" data-widget_type=\"text-editor.default\">\n\t\t\t\t<div class=\"elementor-widget-container\">\n\t\t\t\t\t\t\t\t\t<h2><span class=\"palette-color2-2\">Int\u00e9grer la BIAM<\/span><\/h2><div><p>Aucune barri\u00e8re \u00e0 l\u2019entr\u00e9e : tout le monde est le bienvenu, quel que soit son parcours linguistique, scolaire ou culturel. L\u2019acad\u00e9mie est ouverte \u00e0 tous les enfants, quelles que soient leurs origines ou cultures.<\/p><p>Notre r\u00f4le est d\u2019accompagner chaque \u00e9l\u00e8ve dans le d\u00e9veloppement de ses capacit\u00e9s, en tenant compte de ses aptitudes personnelles.<\/p><p>Les enfants peuvent int\u00e9grer l\u2019acad\u00e9mie en septembre ou en cours d\u2019ann\u00e9e scolaire.<\/p><p>Chaque \u00e9l\u00e8ve b\u00e9n\u00e9ficie d\u2019un suivi individualis\u00e9 et d\u2019une p\u00e9dagogie adapt\u00e9e \u00e0 ses besoins, \u00e0 son potentiel, \u00e0 sa personnalit\u00e9 et \u00e0 ses aptitudes.<\/p><\/div>\t\t\t\t\t\t\t\t<\/div>\n\t\t\t\t<\/div>\n\t\t\t\t<\/div>\n\t\t<div class=\"elementor-element elementor-element-71d74f2 e-con-full e-flex e-con e-child\" data-id=\"71d74f2\" data-element_type=\"container\" data-e-type=\"container\" data-settings=\"{&quot;ekit_has_onepagescroll_dot&quot;:&quot;yes&quot;}\">\n\t\t\t\t<div class=\"elementor-element elementor-element-a9d4f2a elementor-widget elementor-widget-text-editor\" data-id=\"a9d4f2a\" data-element_type=\"widget\" data-e-type=\"widget\" data-settings=\"{&quot;ekit_we_effect_on&quot;:&quot;none&quot;}\" data-widget_type=\"text-editor.default\">\n\t\t\t\t<div class=\"elementor-widget-container\">\n\t\t\t\t\t\t\t\t\t<h2><span class=\"palette-color2-2\">Une atmosph\u00e8re de communication<\/span><\/h2><div><p>Lors de chaque s\u00e9ance, l\u2019\u00e9quipe p\u00e9dagogique veille \u00e0 instaurer un climat communicatif, dans lequel les enfants apprennent \u00e0 s\u2019exprimer, \u00e0 \u00e9couter leur enseignant(e) ainsi que leurs camarades.<\/p><p>D\u00e8s l\u2019\u00e2ge de 3 ans, les enfants s\u2019exercent \u00e0 prendre la parole en public, devant la classe.<\/p><p>Ainsi, ils d\u00e9veloppent progressivement leur confiance en eux et leurs comp\u00e9tences d\u2019expression, des atouts essentiels pour leur avenir.<\/p><\/div>\t\t\t\t\t\t\t\t<\/div>\n\t\t\t\t<\/div>\n\t\t\t\t<\/div>\n\t\t\t\t<\/div>\n\t\t\t\t\t<\/div>\n\t\t\t\t<\/div>\n\t\t\t\t<\/div>","protected":false},"excerpt":{"rendered":"<p>Early Year Foundation Stage : Discovery \/ Nursery \/ Reception BIAM\u2019s pedagogy Inspired by the Waldorf pedagogy, BIAM welcomes each child as a unique person.\u00a0 We strives to nurture capable individuals, who create meaning for their lives, and who become &hellip; <\/p>","protected":false},"author":2,"featured_media":0,"parent":0,"menu_order":0,"comment_status":"closed","ping_status":"closed","template":"","meta":{"footnotes":""},"class_list":["post-14384","page","type-page","status-publish","hentry"],"yoast_head":"<!-- This site is optimized with the Yoast SEO Premium plugin v25.4 (Yoast SEO v27.4) - https:\/\/yoast.com\/product\/yoast-seo-premium-wordpress\/ -->\n<title>EYFS &amp; Reception - BIAM<\/title>\n<meta name=\"robots\" content=\"index, follow, max-snippet:-1, max-image-preview:large, max-video-preview:-1\" \/>\n<link rel=\"canonical\" href=\"https:\/\/biamarrakech.com\/fr\/eyfs-reception\/\" \/>\n<meta property=\"og:locale\" content=\"fr_FR\" \/>\n<meta property=\"og:type\" content=\"article\" \/>\n<meta property=\"og:title\" content=\"EYFS &amp; Reception\" \/>\n<meta property=\"og:description\" content=\"Early Year Foundation Stage : Discovery \/ Nursery \/ Reception BIAM\u2019s pedagogy Inspired by the Waldorf pedagogy, BIAM welcomes each child as a unique person.\u00a0 We strives to nurture capable individuals, who create meaning for their lives, and who become &hellip;\" \/>\n<meta property=\"og:url\" content=\"https:\/\/biamarrakech.com\/fr\/eyfs-reception\/\" \/>\n<meta property=\"og:site_name\" content=\"BIAM\" \/>\n<meta property=\"article:modified_time\" content=\"2025-05-26T14:37:25+00:00\" \/>\n<meta property=\"og:image\" content=\"https:\/\/biamarrakech.com\/wp-content\/uploads\/2025\/05\/IMG-20241008-WA0005-copy-300x200.jpg\" \/>\n<meta name=\"twitter:card\" content=\"summary_large_image\" \/>\n<meta name=\"twitter:label1\" content=\"Dur\u00e9e de lecture estim\u00e9e\" \/>\n\t<meta name=\"twitter:data1\" content=\"2 minutes\" \/>\n<script type=\"application\/ld+json\" class=\"yoast-schema-graph\">{\"@context\":\"https:\\\/\\\/schema.org\",\"@graph\":[{\"@type\":\"WebPage\",\"@id\":\"https:\\\/\\\/biamarrakech.com\\\/eyfs-reception\\\/\",\"url\":\"https:\\\/\\\/biamarrakech.com\\\/eyfs-reception\\\/\",\"name\":\"EYFS &amp; Reception - BIAM\",\"isPartOf\":{\"@id\":\"https:\\\/\\\/biamarrakech.com\\\/#website\"},\"primaryImageOfPage\":{\"@id\":\"https:\\\/\\\/biamarrakech.com\\\/eyfs-reception\\\/#primaryimage\"},\"image\":{\"@id\":\"https:\\\/\\\/biamarrakech.com\\\/eyfs-reception\\\/#primaryimage\"},\"thumbnailUrl\":\"https:\\\/\\\/biamarrakech.com\\\/wp-content\\\/uploads\\\/2025\\\/05\\\/IMG-20241008-WA0005-copy-300x200.jpg\",\"datePublished\":\"2025-05-26T14:28:37+00:00\",\"dateModified\":\"2025-05-26T14:37:25+00:00\",\"breadcrumb\":{\"@id\":\"https:\\\/\\\/biamarrakech.com\\\/eyfs-reception\\\/#breadcrumb\"},\"inLanguage\":\"fr-FR\",\"potentialAction\":[{\"@type\":\"ReadAction\",\"target\":[\"https:\\\/\\\/biamarrakech.com\\\/eyfs-reception\\\/\"]}]},{\"@type\":\"ImageObject\",\"inLanguage\":\"fr-FR\",\"@id\":\"https:\\\/\\\/biamarrakech.com\\\/eyfs-reception\\\/#primaryimage\",\"url\":\"https:\\\/\\\/biamarrakech.com\\\/wp-content\\\/uploads\\\/2025\\\/05\\\/IMG-20241008-WA0005-copy-300x200.jpg\",\"contentUrl\":\"https:\\\/\\\/biamarrakech.com\\\/wp-content\\\/uploads\\\/2025\\\/05\\\/IMG-20241008-WA0005-copy-300x200.jpg\"},{\"@type\":\"BreadcrumbList\",\"@id\":\"https:\\\/\\\/biamarrakech.com\\\/eyfs-reception\\\/#breadcrumb\",\"itemListElement\":[{\"@type\":\"ListItem\",\"position\":1,\"name\":\"Home\",\"item\":\"https:\\\/\\\/biamarrakech.com\\\/\"},{\"@type\":\"ListItem\",\"position\":2,\"name\":\"EYFS &amp; Reception\"}]},{\"@type\":\"WebSite\",\"@id\":\"https:\\\/\\\/biamarrakech.com\\\/#website\",\"url\":\"https:\\\/\\\/biamarrakech.com\\\/\",\"name\":\"British International Academy Marrakech\",\"description\":\"Learn Lead Succeed\",\"publisher\":{\"@id\":\"https:\\\/\\\/biamarrakech.com\\\/#organization\"},\"alternateName\":\"BIAM\",\"potentialAction\":[{\"@type\":\"SearchAction\",\"target\":{\"@type\":\"EntryPoint\",\"urlTemplate\":\"https:\\\/\\\/biamarrakech.com\\\/?s={search_term_string}\"},\"query-input\":{\"@type\":\"PropertyValueSpecification\",\"valueRequired\":true,\"valueName\":\"search_term_string\"}}],\"inLanguage\":\"fr-FR\"},{\"@type\":\"Organization\",\"@id\":\"https:\\\/\\\/biamarrakech.com\\\/#organization\",\"name\":\"British International Academy Marrakech\",\"alternateName\":\"BIAM\",\"url\":\"https:\\\/\\\/biamarrakech.com\\\/\",\"logo\":{\"@type\":\"ImageObject\",\"inLanguage\":\"fr-FR\",\"@id\":\"https:\\\/\\\/biamarrakech.com\\\/#\\\/schema\\\/logo\\\/image\\\/\",\"url\":\"https:\\\/\\\/biamarrakech.com\\\/wp-content\\\/uploads\\\/2025\\\/05\\\/BIAM_logo.png\",\"contentUrl\":\"https:\\\/\\\/biamarrakech.com\\\/wp-content\\\/uploads\\\/2025\\\/05\\\/BIAM_logo.png\",\"width\":1000,\"height\":1000,\"caption\":\"British International Academy Marrakech\"},\"image\":{\"@id\":\"https:\\\/\\\/biamarrakech.com\\\/#\\\/schema\\\/logo\\\/image\\\/\"},\"sameAs\":[\"https:\\\/\\\/instagram.com\\\/britishacademymarrakech\"]}]}<\/script>\n<!-- \/ Yoast SEO Premium plugin. -->","yoast_head_json":{"title":"EYFS &amp; Reception - BIAM","robots":{"index":"index","follow":"follow","max-snippet":"max-snippet:-1","max-image-preview":"max-image-preview:large","max-video-preview":"max-video-preview:-1"},"canonical":"https:\/\/biamarrakech.com\/fr\/eyfs-reception\/","og_locale":"fr_FR","og_type":"article","og_title":"EYFS &amp; Reception","og_description":"Early Year Foundation Stage : Discovery \/ Nursery \/ Reception BIAM\u2019s pedagogy Inspired by the Waldorf pedagogy, BIAM welcomes each child as a unique person.\u00a0 We strives to nurture capable individuals, who create meaning for their lives, and who become &hellip;","og_url":"https:\/\/biamarrakech.com\/fr\/eyfs-reception\/","og_site_name":"BIAM","article_modified_time":"2025-05-26T14:37:25+00:00","og_image":[{"url":"https:\/\/biamarrakech.com\/wp-content\/uploads\/2025\/05\/IMG-20241008-WA0005-copy-300x200.jpg","type":"","width":"","height":""}],"twitter_card":"summary_large_image","twitter_misc":{"Dur\u00e9e de lecture estim\u00e9e":"2 minutes"},"schema":{"@context":"https:\/\/schema.org","@graph":[{"@type":"WebPage","@id":"https:\/\/biamarrakech.com\/eyfs-reception\/","url":"https:\/\/biamarrakech.com\/eyfs-reception\/","name":"EYFS &amp; Reception - BIAM","isPartOf":{"@id":"https:\/\/biamarrakech.com\/#website"},"primaryImageOfPage":{"@id":"https:\/\/biamarrakech.com\/eyfs-reception\/#primaryimage"},"image":{"@id":"https:\/\/biamarrakech.com\/eyfs-reception\/#primaryimage"},"thumbnailUrl":"https:\/\/biamarrakech.com\/wp-content\/uploads\/2025\/05\/IMG-20241008-WA0005-copy-300x200.jpg","datePublished":"2025-05-26T14:28:37+00:00","dateModified":"2025-05-26T14:37:25+00:00","breadcrumb":{"@id":"https:\/\/biamarrakech.com\/eyfs-reception\/#breadcrumb"},"inLanguage":"fr-FR","potentialAction":[{"@type":"ReadAction","target":["https:\/\/biamarrakech.com\/eyfs-reception\/"]}]},{"@type":"ImageObject","inLanguage":"fr-FR","@id":"https:\/\/biamarrakech.com\/eyfs-reception\/#primaryimage","url":"https:\/\/biamarrakech.com\/wp-content\/uploads\/2025\/05\/IMG-20241008-WA0005-copy-300x200.jpg","contentUrl":"https:\/\/biamarrakech.com\/wp-content\/uploads\/2025\/05\/IMG-20241008-WA0005-copy-300x200.jpg"},{"@type":"BreadcrumbList","@id":"https:\/\/biamarrakech.com\/eyfs-reception\/#breadcrumb","itemListElement":[{"@type":"ListItem","position":1,"name":"Home","item":"https:\/\/biamarrakech.com\/"},{"@type":"ListItem","position":2,"name":"EYFS &amp; Reception"}]},{"@type":"WebSite","@id":"https:\/\/biamarrakech.com\/#website","url":"https:\/\/biamarrakech.com\/","name":"British International Academy Marrakech","description":"Learn Lead Succeed","publisher":{"@id":"https:\/\/biamarrakech.com\/#organization"},"alternateName":"BIAM","potentialAction":[{"@type":"SearchAction","target":{"@type":"EntryPoint","urlTemplate":"https:\/\/biamarrakech.com\/?s={search_term_string}"},"query-input":{"@type":"PropertyValueSpecification","valueRequired":true,"valueName":"search_term_string"}}],"inLanguage":"fr-FR"},{"@type":"Organization","@id":"https:\/\/biamarrakech.com\/#organization","name":"British International Academy Marrakech","alternateName":"BIAM","url":"https:\/\/biamarrakech.com\/","logo":{"@type":"ImageObject","inLanguage":"fr-FR","@id":"https:\/\/biamarrakech.com\/#\/schema\/logo\/image\/","url":"https:\/\/biamarrakech.com\/wp-content\/uploads\/2025\/05\/BIAM_logo.png","contentUrl":"https:\/\/biamarrakech.com\/wp-content\/uploads\/2025\/05\/BIAM_logo.png","width":1000,"height":1000,"caption":"British International Academy Marrakech"},"image":{"@id":"https:\/\/biamarrakech.com\/#\/schema\/logo\/image\/"},"sameAs":["https:\/\/instagram.com\/britishacademymarrakech"]}]}},"_links":{"self":[{"href":"https:\/\/biamarrakech.com\/fr\/wp-json\/wp\/v2\/pages\/14384","targetHints":{"allow":["GET"]}}],"collection":[{"href":"https:\/\/biamarrakech.com\/fr\/wp-json\/wp\/v2\/pages"}],"about":[{"href":"https:\/\/biamarrakech.com\/fr\/wp-json\/wp\/v2\/types\/page"}],"author":[{"embeddable":true,"href":"https:\/\/biamarrakech.com\/fr\/wp-json\/wp\/v2\/users\/2"}],"replies":[{"embeddable":true,"href":"https:\/\/biamarrakech.com\/fr\/wp-json\/wp\/v2\/comments?post=14384"}],"version-history":[{"count":16,"href":"https:\/\/biamarrakech.com\/fr\/wp-json\/wp\/v2\/pages\/14384\/revisions"}],"predecessor-version":[{"id":14408,"href":"https:\/\/biamarrakech.com\/fr\/wp-json\/wp\/v2\/pages\/14384\/revisions\/14408"}],"wp:attachment":[{"href":"https:\/\/biamarrakech.com\/fr\/wp-json\/wp\/v2\/media?parent=14384"}],"curies":[{"name":"wp","href":"https:\/\/api.w.org\/{rel}","templated":true}]}}