{"id":14365,"date":"2025-05-26T12:46:54","date_gmt":"2025-05-26T12:46:54","guid":{"rendered":"https:\/\/biamarrakech.com\/?page_id=14365"},"modified":"2025-07-18T23:57:10","modified_gmt":"2025-07-18T23:57:10","slug":"british-national-curriculum","status":"publish","type":"page","link":"https:\/\/biamarrakech.com\/fr\/british-national-curriculum\/","title":{"rendered":"Le programme national britannique"},"content":{"rendered":"<div data-elementor-type=\"wp-page\" data-elementor-id=\"14365\" class=\"elementor elementor-14365\" data-elementor-post-type=\"page\">\n\t\t\t\t<div class=\"elementor-element elementor-element-f05adad e-flex e-con-boxed e-con e-parent\" data-id=\"f05adad\" data-element_type=\"container\" data-e-type=\"container\" data-settings=\"{&quot;ekit_has_onepagescroll_dot&quot;:&quot;yes&quot;}\">\n\t\t\t\t\t<div class=\"e-con-inner\">\n\t\t\t\t<div class=\"elementor-element elementor-element-eb4b292 elementor-widget elementor-widget-text-editor\" data-id=\"eb4b292\" data-element_type=\"widget\" data-e-type=\"widget\" data-settings=\"{&quot;ekit_we_effect_on&quot;:&quot;none&quot;}\" data-widget_type=\"text-editor.default\">\n\t\t\t\t<div class=\"elementor-widget-container\">\n\t\t\t\t\t\t\t\t\t<p><span class=\"palette-color2-2\">Le programme national britannique d\u00e9finit ce que les enfants doivent \u00e9tudier et ce qu\u2019ils sont cens\u00e9s ma\u00eetriser \u00e0 chaque \u00e9tape de leur d\u00e9veloppement.\u00a0<\/span><\/p><p><span class=\"palette-color2-2\">Les \u00e9l\u00e8ves rejoignant BIAM depuis d\u2019autres \u00e9tablissements sont plac\u00e9s dans les niveaux scolaires correspondant \u00e0 leur \u00e2ge et \u00e0 leur parcours acad\u00e9mique actuel.<\/span><\/p>\t\t\t\t\t\t\t\t<\/div>\n\t\t\t\t<\/div>\n\t\t\t\t<div class=\"elementor-element elementor-element-52dc4a3 elementor-widget thim-ekits-heading elementor-widget-thim-heading\" data-id=\"52dc4a3\" data-element_type=\"widget\" data-e-type=\"widget\" data-settings=\"{&quot;ekit_we_effect_on&quot;:&quot;none&quot;}\" data-widget_type=\"thim-heading.default\">\n\t\t\t\t<div class=\"elementor-widget-container\">\n\t\t\t\t\t<div class=\"sc_heading\"><h3 class=\"title\">Que sont les Key Stages ? <\/h3><span class=\"line\"><\/span><\/div>\t\t\t\t<\/div>\n\t\t\t\t<\/div>\n\t\t\t\t<div class=\"elementor-element elementor-element-e15d076 elementor-widget elementor-widget-text-editor\" data-id=\"e15d076\" data-element_type=\"widget\" data-e-type=\"widget\" data-settings=\"{&quot;ekit_we_effect_on&quot;:&quot;none&quot;}\" data-widget_type=\"text-editor.default\">\n\t\t\t\t<div class=\"elementor-widget-container\">\n\t\t\t\t\t\t\t\t\t<p>Les Key Stages correspondent aux diff\u00e9rentes \u00e9tapes du parcours scolaire, chacune visant le d\u00e9veloppement de comp\u00e9tences et de connaissances sp\u00e9cifiques.\n\u00c0 BIAM, nous documentons ce processus d\u2019apprentissage \u00e0 l\u2019aide de portfolios dans lesquels les \u00e9l\u00e8ves rassemblent des exemples de leurs travaux tout au long de l\u2019ann\u00e9e.\nCela permet aux parents d\u2019avoir une vision claire du travail en classe, des exigences acad\u00e9miques et de la progression des comp\u00e9tences de leur enfant.<\/p>\t\t\t\t\t\t\t\t<\/div>\n\t\t\t\t<\/div>\n\t\t\t\t\t<\/div>\n\t\t\t\t<\/div>\n\t\t<div class=\"elementor-element elementor-element-afdffb3 e-grid e-con-boxed e-con e-parent\" data-id=\"afdffb3\" data-element_type=\"container\" data-e-type=\"container\" data-settings=\"{&quot;ekit_has_onepagescroll_dot&quot;:&quot;yes&quot;}\">\n\t\t\t\t\t<div class=\"e-con-inner\">\n\t\t\t\t<div class=\"elementor-element elementor-element-0f018ee elementor-widget elementor-widget-elementskit-flip-box\" data-id=\"0f018ee\" data-element_type=\"widget\" data-e-type=\"widget\" data-settings=\"{&quot;ekit_we_effect_on&quot;:&quot;none&quot;}\" data-widget_type=\"elementskit-flip-box.default\">\n\t\t\t\t<div class=\"elementor-widget-container\">\n\t\t\t\t\t<div class=\"ekit-wid-con\" >        <div class=\"ekit-flip-box flip_style left_to_right box_hover\">\n            <div class=\"ekit-flip-box-inner\">\n                <div class=\"ekit-flip-box-front\">\n                    <div class=\"ekit-flip-box-inner-wrap\">\n                                                    <h4 class=\"ekit-flip-box-front-title\">Key Stage 1<\/h4>                                                    <h5 class=\"ekit-flip-box-front-sub-title\">5 \u00e0 7 ans<\/h5>\n                                            <\/div>\n                <\/div>\n                <div class=\"ekit-flip-box-back\">\n                    <div class=\"ekit-flip-box-inner-wrap wrap-back\">\n                        <div class=\"ekit-flip-box-back-wrap\">\n                                                            <p class=\"ekit-flip-box-back-description\">Les mati\u00e8res principales : math\u00e9matiques, anglais et sciences\n\u00c0 la fin de cette premi\u00e8re Key Stage, les \u00e9l\u00e8ves sont cens\u00e9s :\n\nsavoir lire,\n\neffectuer des op\u00e9rations de base comme l\u2019addition et la soustraction,\n\ncomprendre et suivre des instructions,\n\ncommencer \u00e0 d\u00e9velopper des comp\u00e9tences sociales comme le respect des autres et la collaboration, que ce soit en classe ou dans la cour de r\u00e9cr\u00e9ation.<\/p>\n                                                            <a href=\"\/fr\/primary-ks1-ks2\/\" class=\"ekit-flip-box-back-button\">\n                                    En savoir plus                                <\/a>\n                                                    <\/div>\n                    <\/div>\n                <\/div>\n            <\/div>\n        <\/div>\n        <\/div>\t\t\t\t<\/div>\n\t\t\t\t<\/div>\n\t\t\t\t<div class=\"elementor-element elementor-element-c568ba2 elementor-widget elementor-widget-elementskit-flip-box\" data-id=\"c568ba2\" data-element_type=\"widget\" data-e-type=\"widget\" data-settings=\"{&quot;ekit_we_effect_on&quot;:&quot;none&quot;}\" data-widget_type=\"elementskit-flip-box.default\">\n\t\t\t\t<div class=\"elementor-widget-container\">\n\t\t\t\t\t<div class=\"ekit-wid-con\" >        <div class=\"ekit-flip-box flip_style left_to_right box_hover\">\n            <div class=\"ekit-flip-box-inner\">\n                <div class=\"ekit-flip-box-front\">\n                    <div class=\"ekit-flip-box-inner-wrap\">\n                                                    <h4 class=\"ekit-flip-box-front-title\">Key Stage 2<\/h4>                                                    <h5 class=\"ekit-flip-box-front-sub-title\">8 \u00e0 10 ans<\/h5>\n                                            <\/div>\n                <\/div>\n                <div class=\"ekit-flip-box-back\">\n                    <div class=\"ekit-flip-box-inner-wrap wrap-back\">\n                        <div class=\"ekit-flip-box-back-wrap\">\n                                                            <p class=\"ekit-flip-box-back-description\">D\u00e9veloppement des comp\u00e9tences en lecture et \u00e9criture\nLes mati\u00e8res principales restent l\u2019anglais, les math\u00e9matiques et les sciences.\nLes comp\u00e9tences en litt\u00e9ratie \u00e9voluent vers :\n\nla lecture avec compr\u00e9hension,\n\nla r\u00e9daction de comptes rendus, d\u2019instructions, de r\u00e9cits et de rapports.\n\nLes \u00e9l\u00e8ves apprennent \u00e9galement \u00e0 faire de courtes pr\u00e9sentations orales et \u00e0 expliquer leur travail.\nLes Key Stages 1 et 2 sont encadr\u00e9s par des enseignants sp\u00e9cialis\u00e9s en \u00e9cole primaire, qui assurent \u00e9galement la fonction de coordinateur de niveau.<\/p>\n                                                            <a href=\"\/fr\/primary-ks1-ks2\/\" class=\"ekit-flip-box-back-button\">\n                                    En savoir plus                                <\/a>\n                                                    <\/div>\n                    <\/div>\n                <\/div>\n            <\/div>\n        <\/div>\n        <\/div>\t\t\t\t<\/div>\n\t\t\t\t<\/div>\n\t\t\t\t<div class=\"elementor-element elementor-element-6f99668 elementor-widget elementor-widget-elementskit-flip-box\" data-id=\"6f99668\" data-element_type=\"widget\" data-e-type=\"widget\" data-settings=\"{&quot;ekit_we_effect_on&quot;:&quot;none&quot;}\" data-widget_type=\"elementskit-flip-box.default\">\n\t\t\t\t<div class=\"elementor-widget-container\">\n\t\t\t\t\t<div class=\"ekit-wid-con\" >        <div class=\"ekit-flip-box flip_style left_to_right box_hover\">\n            <div class=\"ekit-flip-box-inner\">\n                <div class=\"ekit-flip-box-front\">\n                    <div class=\"ekit-flip-box-inner-wrap\">\n                                                    <h4 class=\"ekit-flip-box-front-title\">Key Stage 3<\/h4>                                                    <h5 class=\"ekit-flip-box-front-sub-title\">11 \u00e0 13 ans<\/h5>\n                                            <\/div>\n                <\/div>\n                <div class=\"ekit-flip-box-back\">\n                    <div class=\"ekit-flip-box-inner-wrap wrap-back\">\n                        <div class=\"ekit-flip-box-back-wrap\">\n                                                            <p class=\"ekit-flip-box-back-description\">Suivi personnalis\u00e9 et \u00e9largissement des mati\u00e8res\nChaque Key Stage est supervis\u00e9 par un responsable charg\u00e9 du suivi individualis\u00e9 des \u00e9l\u00e8ves.\nL\u2019emploi du temps inclut :\nanglais, math\u00e9matiques, sciences, histoire, g\u00e9ographie, fran\u00e7ais, espagnol, arabe, \u00e9ducation physique et arts plastiques.\n\n\u00c0 ce stade, les \u00e9l\u00e8ves gagnent en autonomie et d\u00e9veloppent leur capacit\u00e9 \u00e0 penser de mani\u00e8re critique.\nIls apprennent \u00e0 adapter leur langage oral et \u00e9crit aux exigences sp\u00e9cifiques de chaque mati\u00e8re.<\/p>\n                                                            <a href=\"\/fr\/key-stage-3\/\" class=\"ekit-flip-box-back-button\">\n                                    En savoir plus                                <\/a>\n                                                    <\/div>\n                    <\/div>\n                <\/div>\n            <\/div>\n        <\/div>\n        <\/div>\t\t\t\t<\/div>\n\t\t\t\t<\/div>\n\t\t\t\t<div class=\"elementor-element elementor-element-10424b4 elementor-widget elementor-widget-elementskit-flip-box\" data-id=\"10424b4\" data-element_type=\"widget\" data-e-type=\"widget\" data-settings=\"{&quot;ekit_we_effect_on&quot;:&quot;none&quot;}\" data-widget_type=\"elementskit-flip-box.default\">\n\t\t\t\t<div class=\"elementor-widget-container\">\n\t\t\t\t\t<div class=\"ekit-wid-con\" >        <div class=\"ekit-flip-box flip_style left_to_right box_hover\">\n            <div class=\"ekit-flip-box-inner\">\n                <div class=\"ekit-flip-box-front\">\n                    <div class=\"ekit-flip-box-inner-wrap\">\n                                                    <h4 class=\"ekit-flip-box-front-title\">Key Stage 4<\/h4>                                                    <h5 class=\"ekit-flip-box-front-sub-title\">14 \u00e0 16 ans<\/h5>\n                                                    <p class=\"ekit-flip-box-front-description\">(IGCSE)<\/p>\n                                            <\/div>\n                <\/div>\n                <div class=\"ekit-flip-box-back\">\n                    <div class=\"ekit-flip-box-inner-wrap wrap-back\">\n                        <div class=\"ekit-flip-box-back-wrap\">\n                                                            <p class=\"ekit-flip-box-back-description\">Programme IGCSE\nIl s\u2019agit de la derni\u00e8re \u00e9tape du programme secondaire \u00e0 BIAM.\nLes \u00e9l\u00e8ves choisissent dix mati\u00e8res parmi un large \u00e9ventail, qu\u2019ils \u00e9tudient pendant deux ans avant de passer les examens IGCSE (International General Certificate of Secondary Education).\n\n\u00c0 l\u2019issue de cette \u00e9tape, les \u00e9l\u00e8ves auront acquis les comp\u00e9tences, la confiance et l\u2019ind\u00e9pendance n\u00e9cessaires pour r\u00e9ussir dans le cycle sup\u00e9rieur.\nLes mati\u00e8res du IGCSE sont enseign\u00e9es par des enseignants sp\u00e9cialistes de leur discipline.<\/p>\n                                                            <a href=\"\/fr\/igcse\/\" class=\"ekit-flip-box-back-button\">\n                                    En savoir plus                                <\/a>\n                                                    <\/div>\n                    <\/div>\n                <\/div>\n            <\/div>\n        <\/div>\n        <\/div>\t\t\t\t<\/div>\n\t\t\t\t<\/div>\n\t\t\t\t\t<\/div>\n\t\t\t\t<\/div>\n\t\t<div class=\"elementor-element elementor-element-2160d07 e-flex e-con-boxed e-con e-parent\" data-id=\"2160d07\" data-element_type=\"container\" data-e-type=\"container\" data-settings=\"{&quot;ekit_has_onepagescroll_dot&quot;:&quot;yes&quot;}\">\n\t\t\t\t\t<div class=\"e-con-inner\">\n\t\t\t\t<div class=\"elementor-element elementor-element-f5357cf elementor-widget elementor-widget-elementskit-flip-box\" data-id=\"f5357cf\" data-element_type=\"widget\" data-e-type=\"widget\" data-settings=\"{&quot;ekit_we_effect_on&quot;:&quot;none&quot;}\" data-widget_type=\"elementskit-flip-box.default\">\n\t\t\t\t<div class=\"elementor-widget-container\">\n\t\t\t\t\t<div class=\"ekit-wid-con\" >        <div class=\"ekit-flip-box flip_style left_to_right box_hover\">\n            <div class=\"ekit-flip-box-inner\">\n                <div class=\"ekit-flip-box-front\">\n                    <div class=\"ekit-flip-box-inner-wrap\">\n                                                    <h4 class=\"ekit-flip-box-front-title\">Sixth Form<\/h4>                                                    <h5 class=\"ekit-flip-box-front-sub-title\">16 \u00e0 18 ans<\/h5>\n                                                    <p class=\"ekit-flip-box-front-description\">(A LEVEL)<\/p>\n                                            <\/div>\n                <\/div>\n                <div class=\"ekit-flip-box-back\">\n                    <div class=\"ekit-flip-box-inner-wrap wrap-back\">\n                        <div class=\"ekit-flip-box-back-wrap\">\n                                                            <p class=\"ekit-flip-box-back-description\">Programme A Level\nLe A Level repr\u00e9sente la r\u00e9f\u00e9rence de l\u2019enseignement secondaire sup\u00e9rieur britannique.\nIl est g\u00e9n\u00e9ralement \u00e9tudi\u00e9 sur deux ans, entre 16 et 18 ans, et constitue le dipl\u00f4me le plus reconnu pour l\u2019acc\u00e8s \u00e0 l\u2019universit\u00e9.<\/p>\n                                                            <a href=\"\/fr\/sixth-form\/\" class=\"ekit-flip-box-back-button\">\n                                    En savoir plus                                <\/a>\n                                                    <\/div>\n                    <\/div>\n                <\/div>\n            <\/div>\n        <\/div>\n        <\/div>\t\t\t\t<\/div>\n\t\t\t\t<\/div>\n\t\t\t\t\t<\/div>\n\t\t\t\t<\/div>\n\t\t\t\t<\/div>","protected":false},"excerpt":{"rendered":"<p>The British National Curriculum specifies what children must study and what they are expected to know at different ages.\u00a0 Pupils joining BIAM from other schools are placed in year levels based on their ages and current year levels. What are &hellip; <\/p>","protected":false},"author":2,"featured_media":0,"parent":0,"menu_order":0,"comment_status":"closed","ping_status":"closed","template":"","meta":{"footnotes":""},"class_list":["post-14365","page","type-page","status-publish","hentry"],"yoast_head":"<!-- This site is optimized with the Yoast SEO Premium plugin v25.4 (Yoast SEO v27.4) - https:\/\/yoast.com\/product\/yoast-seo-premium-wordpress\/ -->\n<title>British Curriculum at BIAM Marrakech Explained<\/title>\n<meta name=\"description\" content=\"Explore the British curriculum at BIAM Marrakech and how it shapes learning for children of all ages and abilities.\" \/>\n<meta name=\"robots\" content=\"index, follow, max-snippet:-1, max-image-preview:large, max-video-preview:-1\" \/>\n<link rel=\"canonical\" href=\"https:\/\/biamarrakech.com\/fr\/british-national-curriculum\/\" \/>\n<meta property=\"og:locale\" content=\"fr_FR\" \/>\n<meta property=\"og:type\" content=\"article\" \/>\n<meta property=\"og:title\" content=\"British National Curriculum\" \/>\n<meta property=\"og:description\" content=\"Explore the British curriculum at BIAM Marrakech. Learn how we tailor education to individual student needs and ages.\" \/>\n<meta property=\"og:url\" content=\"https:\/\/biamarrakech.com\/fr\/british-national-curriculum\/\" \/>\n<meta property=\"og:site_name\" content=\"BIAM\" \/>\n<meta property=\"article:modified_time\" content=\"2025-07-18T23:57:10+00:00\" \/>\n<meta property=\"og:image\" content=\"https:\/\/biamarrakech.com\/wp-content\/uploads\/2025\/05\/cropped-BIAM_logo.png\" \/>\n\t<meta property=\"og:image:width\" content=\"512\" \/>\n\t<meta property=\"og:image:height\" content=\"512\" \/>\n\t<meta property=\"og:image:type\" content=\"image\/png\" \/>\n<meta name=\"twitter:card\" content=\"summary_large_image\" \/>\n<meta name=\"twitter:label1\" content=\"Dur\u00e9e de lecture estim\u00e9e\" \/>\n\t<meta name=\"twitter:data1\" content=\"2 minutes\" \/>\n<script type=\"application\/ld+json\" class=\"yoast-schema-graph\">{\"@context\":\"https:\\\/\\\/schema.org\",\"@graph\":[{\"@type\":\"WebPage\",\"@id\":\"https:\\\/\\\/biamarrakech.com\\\/british-national-curriculum\\\/\",\"url\":\"https:\\\/\\\/biamarrakech.com\\\/british-national-curriculum\\\/\",\"name\":\"British Curriculum at BIAM Marrakech Explained\",\"isPartOf\":{\"@id\":\"https:\\\/\\\/biamarrakech.com\\\/#website\"},\"datePublished\":\"2025-05-26T12:46:54+00:00\",\"dateModified\":\"2025-07-18T23:57:10+00:00\",\"description\":\"Explore the British curriculum at BIAM Marrakech and how it shapes learning for children of all ages and abilities.\",\"breadcrumb\":{\"@id\":\"https:\\\/\\\/biamarrakech.com\\\/british-national-curriculum\\\/#breadcrumb\"},\"inLanguage\":\"fr-FR\",\"potentialAction\":[{\"@type\":\"ReadAction\",\"target\":[\"https:\\\/\\\/biamarrakech.com\\\/british-national-curriculum\\\/\"]}]},{\"@type\":\"BreadcrumbList\",\"@id\":\"https:\\\/\\\/biamarrakech.com\\\/british-national-curriculum\\\/#breadcrumb\",\"itemListElement\":[{\"@type\":\"ListItem\",\"position\":1,\"name\":\"Home\",\"item\":\"https:\\\/\\\/biamarrakech.com\\\/\"},{\"@type\":\"ListItem\",\"position\":2,\"name\":\"British National Curriculum\"}]},{\"@type\":\"WebSite\",\"@id\":\"https:\\\/\\\/biamarrakech.com\\\/#website\",\"url\":\"https:\\\/\\\/biamarrakech.com\\\/\",\"name\":\"British International Academy Marrakech\",\"description\":\"Learn Lead Succeed\",\"publisher\":{\"@id\":\"https:\\\/\\\/biamarrakech.com\\\/#organization\"},\"alternateName\":\"BIAM\",\"potentialAction\":[{\"@type\":\"SearchAction\",\"target\":{\"@type\":\"EntryPoint\",\"urlTemplate\":\"https:\\\/\\\/biamarrakech.com\\\/?s={search_term_string}\"},\"query-input\":{\"@type\":\"PropertyValueSpecification\",\"valueRequired\":true,\"valueName\":\"search_term_string\"}}],\"inLanguage\":\"fr-FR\"},{\"@type\":\"Organization\",\"@id\":\"https:\\\/\\\/biamarrakech.com\\\/#organization\",\"name\":\"British International Academy Marrakech\",\"alternateName\":\"BIAM\",\"url\":\"https:\\\/\\\/biamarrakech.com\\\/\",\"logo\":{\"@type\":\"ImageObject\",\"inLanguage\":\"fr-FR\",\"@id\":\"https:\\\/\\\/biamarrakech.com\\\/#\\\/schema\\\/logo\\\/image\\\/\",\"url\":\"https:\\\/\\\/biamarrakech.com\\\/wp-content\\\/uploads\\\/2025\\\/05\\\/BIAM_logo.png\",\"contentUrl\":\"https:\\\/\\\/biamarrakech.com\\\/wp-content\\\/uploads\\\/2025\\\/05\\\/BIAM_logo.png\",\"width\":1000,\"height\":1000,\"caption\":\"British International Academy Marrakech\"},\"image\":{\"@id\":\"https:\\\/\\\/biamarrakech.com\\\/#\\\/schema\\\/logo\\\/image\\\/\"},\"sameAs\":[\"https:\\\/\\\/instagram.com\\\/britishacademymarrakech\"]}]}<\/script>\n<!-- \/ Yoast SEO Premium plugin. -->","yoast_head_json":{"title":"British Curriculum at BIAM Marrakech Explained","description":"Explore the British curriculum at BIAM Marrakech and how it shapes learning for children of all ages and abilities.","robots":{"index":"index","follow":"follow","max-snippet":"max-snippet:-1","max-image-preview":"max-image-preview:large","max-video-preview":"max-video-preview:-1"},"canonical":"https:\/\/biamarrakech.com\/fr\/british-national-curriculum\/","og_locale":"fr_FR","og_type":"article","og_title":"British National Curriculum","og_description":"Explore the British curriculum at BIAM Marrakech. Learn how we tailor education to individual student needs and ages.","og_url":"https:\/\/biamarrakech.com\/fr\/british-national-curriculum\/","og_site_name":"BIAM","article_modified_time":"2025-07-18T23:57:10+00:00","og_image":[{"width":512,"height":512,"url":"https:\/\/biamarrakech.com\/wp-content\/uploads\/2025\/05\/cropped-BIAM_logo.png","type":"image\/png"}],"twitter_card":"summary_large_image","twitter_misc":{"Dur\u00e9e de lecture estim\u00e9e":"2 minutes"},"schema":{"@context":"https:\/\/schema.org","@graph":[{"@type":"WebPage","@id":"https:\/\/biamarrakech.com\/british-national-curriculum\/","url":"https:\/\/biamarrakech.com\/british-national-curriculum\/","name":"British Curriculum at BIAM Marrakech Explained","isPartOf":{"@id":"https:\/\/biamarrakech.com\/#website"},"datePublished":"2025-05-26T12:46:54+00:00","dateModified":"2025-07-18T23:57:10+00:00","description":"Explore the British curriculum at BIAM Marrakech and how it shapes learning for children of all ages and abilities.","breadcrumb":{"@id":"https:\/\/biamarrakech.com\/british-national-curriculum\/#breadcrumb"},"inLanguage":"fr-FR","potentialAction":[{"@type":"ReadAction","target":["https:\/\/biamarrakech.com\/british-national-curriculum\/"]}]},{"@type":"BreadcrumbList","@id":"https:\/\/biamarrakech.com\/british-national-curriculum\/#breadcrumb","itemListElement":[{"@type":"ListItem","position":1,"name":"Home","item":"https:\/\/biamarrakech.com\/"},{"@type":"ListItem","position":2,"name":"British National Curriculum"}]},{"@type":"WebSite","@id":"https:\/\/biamarrakech.com\/#website","url":"https:\/\/biamarrakech.com\/","name":"British International Academy Marrakech","description":"Learn Lead Succeed","publisher":{"@id":"https:\/\/biamarrakech.com\/#organization"},"alternateName":"BIAM","potentialAction":[{"@type":"SearchAction","target":{"@type":"EntryPoint","urlTemplate":"https:\/\/biamarrakech.com\/?s={search_term_string}"},"query-input":{"@type":"PropertyValueSpecification","valueRequired":true,"valueName":"search_term_string"}}],"inLanguage":"fr-FR"},{"@type":"Organization","@id":"https:\/\/biamarrakech.com\/#organization","name":"British International Academy Marrakech","alternateName":"BIAM","url":"https:\/\/biamarrakech.com\/","logo":{"@type":"ImageObject","inLanguage":"fr-FR","@id":"https:\/\/biamarrakech.com\/#\/schema\/logo\/image\/","url":"https:\/\/biamarrakech.com\/wp-content\/uploads\/2025\/05\/BIAM_logo.png","contentUrl":"https:\/\/biamarrakech.com\/wp-content\/uploads\/2025\/05\/BIAM_logo.png","width":1000,"height":1000,"caption":"British International Academy Marrakech"},"image":{"@id":"https:\/\/biamarrakech.com\/#\/schema\/logo\/image\/"},"sameAs":["https:\/\/instagram.com\/britishacademymarrakech"]}]}},"_links":{"self":[{"href":"https:\/\/biamarrakech.com\/fr\/wp-json\/wp\/v2\/pages\/14365","targetHints":{"allow":["GET"]}}],"collection":[{"href":"https:\/\/biamarrakech.com\/fr\/wp-json\/wp\/v2\/pages"}],"about":[{"href":"https:\/\/biamarrakech.com\/fr\/wp-json\/wp\/v2\/types\/page"}],"author":[{"embeddable":true,"href":"https:\/\/biamarrakech.com\/fr\/wp-json\/wp\/v2\/users\/2"}],"replies":[{"embeddable":true,"href":"https:\/\/biamarrakech.com\/fr\/wp-json\/wp\/v2\/comments?post=14365"}],"version-history":[{"count":16,"href":"https:\/\/biamarrakech.com\/fr\/wp-json\/wp\/v2\/pages\/14365\/revisions"}],"predecessor-version":[{"id":14776,"href":"https:\/\/biamarrakech.com\/fr\/wp-json\/wp\/v2\/pages\/14365\/revisions\/14776"}],"wp:attachment":[{"href":"https:\/\/biamarrakech.com\/fr\/wp-json\/wp\/v2\/media?parent=14365"}],"curies":[{"name":"wp","href":"https:\/\/api.w.org\/{rel}","templated":true}]}}