{"id":14349,"date":"2025-05-26T12:05:01","date_gmt":"2025-05-26T12:05:01","guid":{"rendered":"https:\/\/biamarrakech.com\/?page_id=14349"},"modified":"2025-07-25T10:49:54","modified_gmt":"2025-07-25T10:49:54","slug":"admission","status":"publish","type":"page","link":"https:\/\/biamarrakech.com\/fr\/admission\/","title":{"rendered":"Admission"},"content":{"rendered":"<div data-elementor-type=\"wp-page\" data-elementor-id=\"14349\" class=\"elementor elementor-14349\" data-elementor-post-type=\"page\">\n\t\t\t\t<div class=\"elementor-element elementor-element-fa7660b e-con-full e-flex e-con e-parent\" data-id=\"fa7660b\" data-element_type=\"container\" data-e-type=\"container\" data-settings=\"{&quot;ekit_has_onepagescroll_dot&quot;:&quot;yes&quot;}\">\n\t\t<div class=\"elementor-element elementor-element-5a21eda e-con-full e-flex e-con e-child\" data-id=\"5a21eda\" data-element_type=\"container\" data-e-type=\"container\" data-settings=\"{&quot;ekit_has_onepagescroll_dot&quot;:&quot;yes&quot;}\">\n\t\t\t\t<div class=\"elementor-element elementor-element-d38ab90 elementor-widget elementor-widget-text-editor\" data-id=\"d38ab90\" data-element_type=\"widget\" data-e-type=\"widget\" data-settings=\"{&quot;ekit_we_effect_on&quot;:&quot;none&quot;}\" data-widget_type=\"text-editor.default\">\n\t\t\t\t<div class=\"elementor-widget-container\">\n\t\t\t\t\t\t\t\t\t<p><h2>Bienvenue \u00e0 la British International Academy Marrakech<\/h2><br>\n<h3>Une \u00e9ducation internationale d\u2019excellence pour les enfants de 3 \u00e0 18 ans<\/h3><br>\n<strong>Chers parents,<\/strong><\/p><p class=\"translation-block\">Merci pour l\u2019int\u00e9r\u00eat que vous portez \u00e0 la <strong>British International Academy Marrakech (BIAM)<\/strong> pour l\u2019\u00e9ducation de vos enfants. Le choix d\u2019une \u00e9cole est l\u2019une des d\u00e9cisions les plus importantes que vous prendrez pour leur avenir \u2014 et nous sommes honor\u00e9s d\u2019\u00eatre consid\u00e9r\u00e9s.<\/p><p>Notre site web vous offre un <strong>aper\u00e7u authentique de l\u2019exp\u00e9rience BIAM<\/strong>.<\/p><p>Mais rien ne remplace une visite sur place pour d\u00e9couvrir l\u2019atmosph\u00e8re bienveillante, dynamique et multiculturelle qui r\u00e8gne dans notre communaut\u00e9 scolaire. Vous \u00eates donc chaleureusement invit\u00e9s \u00e0 venir rencontrer notre \u00e9quipe, visiter nos locaux et \u00e9changer avec nos \u00e9l\u00e8ves.<\/p><p><h3>Une \u00e9cole internationale de r\u00e9f\u00e9rence \u00e0 Marrakech<\/h3>\nLa BIAM est aujourd\u2019hui reconnue comme une institution d\u2019excellence \u00e9ducative \u00e0 Marrakech, assurant une continuit\u00e9 p\u00e9dagogique de la maternelle (3 ans) jusqu\u2019au secondaire (18 ans) dans un environnement s\u00e9curis\u00e9, stimulant et bienveillant.\n<br>\nChez BIAM, chaque \u00e9l\u00e8ve est valoris\u00e9 dans sa singularit\u00e9 :\n<br>\n<ul><li>Classes \u00e0 effectif r\u00e9duit pour un suivi personnalis\u00e9<\/li>\n\n<li>Encadrement attentif favorisant la confiance en soi, l\u2019estime personnelle et le respect des autres<\/li>\n\n<li>D\u00e9veloppement \u00e9quilibr\u00e9 sur les plans acad\u00e9mique, \u00e9motionnel et social<\/li><\/ul><\/p><p><h2>Une vision \u00e9ducative du 21e si\u00e8cle<\/h2>\n<p>Nous faisons \u00e9voluer en permanence notre syst\u00e8me \u00e9ducatif afin de r\u00e9pondre aux objectifs p\u00e9dagogiques contemporains. Nos programmes sont con\u00e7us pour :<\/p>\n\n<ul><li>Stimuler l\u2019esprit critique et la curiosit\u00e9 intellectuelle<\/li>\n\n<li>Encourager l\u2019initiative personnelle, l\u2019autodiscipline et le leadership chez l\u2019enfant<\/li>\n\n<li>Promouvoir des valeurs fortes : respect, responsabilit\u00e9, ambition et coop\u00e9ration<\/li><\/ul><\/p><p>\u00c0 la BIAM, nous formons les <strong>citoyens et les leaders de demain<\/strong>, capables de relever les d\u00e9fis du monde avec confiance, int\u00e9grit\u00e9 et excellence.<\/p><p>We look forward to\u00a0the\u00a0privilege of working with you, to mould, shape and get your children fully prepared to take on life and reign in\u00a0it.<\/p><p class=\"translation-block\"><h2>Planifiez votre visite \u00e0 la BIAM<\/h2>\n<p>Nous serions ravis de vous rencontrer et de vous faire d\u00e9couvrir notre campus et notre \u00e9quipe p\u00e9dagogique.<\/p>\n<p>Pour prendre rendez-vous :<\/p>\n<ul><li>\ud83d\udce9 Remplissez le <a href=\"\/fr\/contact\/\" target=\"_self\">formulaire de contact<\/a> sur ce site\nou<\/li>\n<li>\ud83d\udce7 \u00c9crivez-nous \u00e0 : <a class=\"link\" href=\"mailto:office@biamarrakech.com\" rel=\"noopener noreferrer\" target=\"_self\">office@biamarrakech.com<\/a><\/li><\/ul><\/p>\t\t\t\t\t\t\t\t<\/div>\n\t\t\t\t<\/div>\n\t\t\t\t<\/div>\n\t\t<div class=\"elementor-element elementor-element-ff4c58b e-con-full e-flex e-con e-child\" data-id=\"ff4c58b\" data-element_type=\"container\" data-e-type=\"container\" data-settings=\"{&quot;ekit_has_onepagescroll_dot&quot;:&quot;yes&quot;}\">\n\t\t\t\t<div class=\"elementor-element elementor-element-0f8e7be elementor-widget elementor-widget-image\" data-id=\"0f8e7be\" data-element_type=\"widget\" data-e-type=\"widget\" data-settings=\"{&quot;ekit_we_effect_on&quot;:&quot;none&quot;}\" data-widget_type=\"image.default\">\n\t\t\t\t<div class=\"elementor-widget-container\">\n\t\t\t\t\t\t\t\t\t\t\t\t\t\t\t<img fetchpriority=\"high\" decoding=\"async\" width=\"640\" height=\"640\" src=\"https:\/\/biamarrakech.com\/wp-content\/uploads\/2025\/05\/IMG_20240620_221339_865-768x768.webp\" class=\"attachment-medium_large size-medium_large wp-image-14351\" alt=\"\" srcset=\"https:\/\/biamarrakech.com\/wp-content\/uploads\/2025\/05\/IMG_20240620_221339_865-768x768.webp 768w, https:\/\/biamarrakech.com\/wp-content\/uploads\/2025\/05\/IMG_20240620_221339_865-300x300.webp 300w, https:\/\/biamarrakech.com\/wp-content\/uploads\/2025\/05\/IMG_20240620_221339_865-1024x1024.webp 1024w, https:\/\/biamarrakech.com\/wp-content\/uploads\/2025\/05\/IMG_20240620_221339_865-150x150.webp 150w, https:\/\/biamarrakech.com\/wp-content\/uploads\/2025\/05\/IMG_20240620_221339_865-1536x1536.webp 1536w, https:\/\/biamarrakech.com\/wp-content\/uploads\/2025\/05\/IMG_20240620_221339_865-2048x2048.webp 2048w, https:\/\/biamarrakech.com\/wp-content\/uploads\/2025\/05\/IMG_20240620_221339_865-600x600.webp 600w, https:\/\/biamarrakech.com\/wp-content\/uploads\/2025\/05\/IMG_20240620_221339_865-100x100.webp 100w\" sizes=\"(max-width: 640px) 100vw, 640px\" \/>\t\t\t\t\t\t\t\t\t\t\t\t\t\t\t<\/div>\n\t\t\t\t<\/div>\n\t\t\t\t<\/div>\n\t\t\t\t<\/div>\n\t\t\t\t<\/div>","protected":false},"excerpt":{"rendered":"<p>The British International Academy Marrakech has evolved as a benchmark institution which offers continuity of education and development from 3\u00a0 to 16 years old in a happy, safe, friendly and responsive community where self-confidence, self-esteem and respect flourish.<\/p>","protected":false},"author":2,"featured_media":0,"parent":0,"menu_order":0,"comment_status":"closed","ping_status":"closed","template":"elementor_theme","meta":{"footnotes":""},"class_list":["post-14349","page","type-page","status-publish","hentry"],"yoast_head":"<!-- This site is optimized with the Yoast SEO Premium plugin v25.4 (Yoast SEO v27.4) - https:\/\/yoast.com\/product\/yoast-seo-premium-wordpress\/ -->\n<title>Admission - BIAM<\/title>\n<meta name=\"robots\" content=\"index, follow, max-snippet:-1, max-image-preview:large, max-video-preview:-1\" \/>\n<link rel=\"canonical\" href=\"https:\/\/biamarrakech.com\/fr\/admission\/\" \/>\n<meta property=\"og:locale\" content=\"fr_FR\" \/>\n<meta property=\"og:type\" content=\"article\" \/>\n<meta property=\"og:title\" content=\"Admission\" \/>\n<meta property=\"og:description\" content=\"The British International Academy Marrakech has evolved as a benchmark institution which offers continuity of education and development from 3\u00a0 to 16 years old in a happy, safe, friendly and responsive community where self-confidence, self-esteem and respect flourish.\" \/>\n<meta property=\"og:url\" content=\"https:\/\/biamarrakech.com\/fr\/admission\/\" \/>\n<meta property=\"og:site_name\" content=\"BIAM\" \/>\n<meta property=\"article:modified_time\" content=\"2025-07-25T10:49:54+00:00\" \/>\n<meta property=\"og:image\" content=\"https:\/\/biamarrakech.com\/wp-content\/uploads\/2025\/05\/IMG_20240620_221339_865-1024x1024.webp\" \/>\n\t<meta property=\"og:image:width\" content=\"1024\" \/>\n\t<meta property=\"og:image:height\" content=\"1024\" \/>\n\t<meta property=\"og:image:type\" content=\"image\/webp\" \/>\n<meta name=\"twitter:card\" content=\"summary_large_image\" \/>\n<meta name=\"twitter:label1\" content=\"Dur\u00e9e de lecture estim\u00e9e\" \/>\n\t<meta name=\"twitter:data1\" content=\"2 minutes\" \/>\n<script type=\"application\/ld+json\" class=\"yoast-schema-graph\">{\"@context\":\"https:\\\/\\\/schema.org\",\"@graph\":[{\"@type\":\"WebPage\",\"@id\":\"https:\\\/\\\/biamarrakech.com\\\/admission\\\/\",\"url\":\"https:\\\/\\\/biamarrakech.com\\\/admission\\\/\",\"name\":\"Admission - BIAM\",\"isPartOf\":{\"@id\":\"https:\\\/\\\/biamarrakech.com\\\/#website\"},\"primaryImageOfPage\":{\"@id\":\"https:\\\/\\\/biamarrakech.com\\\/admission\\\/#primaryimage\"},\"image\":{\"@id\":\"https:\\\/\\\/biamarrakech.com\\\/admission\\\/#primaryimage\"},\"thumbnailUrl\":\"https:\\\/\\\/biamarrakech.com\\\/wp-content\\\/uploads\\\/2025\\\/05\\\/IMG_20240620_221339_865-768x768.webp\",\"datePublished\":\"2025-05-26T12:05:01+00:00\",\"dateModified\":\"2025-07-25T10:49:54+00:00\",\"breadcrumb\":{\"@id\":\"https:\\\/\\\/biamarrakech.com\\\/admission\\\/#breadcrumb\"},\"inLanguage\":\"fr-FR\",\"potentialAction\":[{\"@type\":\"ReadAction\",\"target\":[\"https:\\\/\\\/biamarrakech.com\\\/admission\\\/\"]}]},{\"@type\":\"ImageObject\",\"inLanguage\":\"fr-FR\",\"@id\":\"https:\\\/\\\/biamarrakech.com\\\/admission\\\/#primaryimage\",\"url\":\"https:\\\/\\\/biamarrakech.com\\\/wp-content\\\/uploads\\\/2025\\\/05\\\/IMG_20240620_221339_865-768x768.webp\",\"contentUrl\":\"https:\\\/\\\/biamarrakech.com\\\/wp-content\\\/uploads\\\/2025\\\/05\\\/IMG_20240620_221339_865-768x768.webp\"},{\"@type\":\"BreadcrumbList\",\"@id\":\"https:\\\/\\\/biamarrakech.com\\\/admission\\\/#breadcrumb\",\"itemListElement\":[{\"@type\":\"ListItem\",\"position\":1,\"name\":\"Home\",\"item\":\"https:\\\/\\\/biamarrakech.com\\\/\"},{\"@type\":\"ListItem\",\"position\":2,\"name\":\"Admission\"}]},{\"@type\":\"WebSite\",\"@id\":\"https:\\\/\\\/biamarrakech.com\\\/#website\",\"url\":\"https:\\\/\\\/biamarrakech.com\\\/\",\"name\":\"British International Academy Marrakech\",\"description\":\"Learn Lead Succeed\",\"publisher\":{\"@id\":\"https:\\\/\\\/biamarrakech.com\\\/#organization\"},\"alternateName\":\"BIAM\",\"potentialAction\":[{\"@type\":\"SearchAction\",\"target\":{\"@type\":\"EntryPoint\",\"urlTemplate\":\"https:\\\/\\\/biamarrakech.com\\\/?s={search_term_string}\"},\"query-input\":{\"@type\":\"PropertyValueSpecification\",\"valueRequired\":true,\"valueName\":\"search_term_string\"}}],\"inLanguage\":\"fr-FR\"},{\"@type\":\"Organization\",\"@id\":\"https:\\\/\\\/biamarrakech.com\\\/#organization\",\"name\":\"British International Academy Marrakech\",\"alternateName\":\"BIAM\",\"url\":\"https:\\\/\\\/biamarrakech.com\\\/\",\"logo\":{\"@type\":\"ImageObject\",\"inLanguage\":\"fr-FR\",\"@id\":\"https:\\\/\\\/biamarrakech.com\\\/#\\\/schema\\\/logo\\\/image\\\/\",\"url\":\"https:\\\/\\\/biamarrakech.com\\\/wp-content\\\/uploads\\\/2025\\\/05\\\/BIAM_logo.png\",\"contentUrl\":\"https:\\\/\\\/biamarrakech.com\\\/wp-content\\\/uploads\\\/2025\\\/05\\\/BIAM_logo.png\",\"width\":1000,\"height\":1000,\"caption\":\"British International Academy Marrakech\"},\"image\":{\"@id\":\"https:\\\/\\\/biamarrakech.com\\\/#\\\/schema\\\/logo\\\/image\\\/\"},\"sameAs\":[\"https:\\\/\\\/instagram.com\\\/britishacademymarrakech\"]}]}<\/script>\n<!-- \/ Yoast SEO Premium plugin. -->","yoast_head_json":{"title":"Admission - BIAM","robots":{"index":"index","follow":"follow","max-snippet":"max-snippet:-1","max-image-preview":"max-image-preview:large","max-video-preview":"max-video-preview:-1"},"canonical":"https:\/\/biamarrakech.com\/fr\/admission\/","og_locale":"fr_FR","og_type":"article","og_title":"Admission","og_description":"The British International Academy Marrakech has evolved as a benchmark institution which offers continuity of education and development from 3\u00a0 to 16 years old in a happy, safe, friendly and responsive community where self-confidence, self-esteem and respect flourish.","og_url":"https:\/\/biamarrakech.com\/fr\/admission\/","og_site_name":"BIAM","article_modified_time":"2025-07-25T10:49:54+00:00","og_image":[{"width":1024,"height":1024,"url":"https:\/\/biamarrakech.com\/wp-content\/uploads\/2025\/05\/IMG_20240620_221339_865-1024x1024.webp","type":"image\/webp"}],"twitter_card":"summary_large_image","twitter_misc":{"Dur\u00e9e de lecture estim\u00e9e":"2 minutes"},"schema":{"@context":"https:\/\/schema.org","@graph":[{"@type":"WebPage","@id":"https:\/\/biamarrakech.com\/admission\/","url":"https:\/\/biamarrakech.com\/admission\/","name":"Admission - BIAM","isPartOf":{"@id":"https:\/\/biamarrakech.com\/#website"},"primaryImageOfPage":{"@id":"https:\/\/biamarrakech.com\/admission\/#primaryimage"},"image":{"@id":"https:\/\/biamarrakech.com\/admission\/#primaryimage"},"thumbnailUrl":"https:\/\/biamarrakech.com\/wp-content\/uploads\/2025\/05\/IMG_20240620_221339_865-768x768.webp","datePublished":"2025-05-26T12:05:01+00:00","dateModified":"2025-07-25T10:49:54+00:00","breadcrumb":{"@id":"https:\/\/biamarrakech.com\/admission\/#breadcrumb"},"inLanguage":"fr-FR","potentialAction":[{"@type":"ReadAction","target":["https:\/\/biamarrakech.com\/admission\/"]}]},{"@type":"ImageObject","inLanguage":"fr-FR","@id":"https:\/\/biamarrakech.com\/admission\/#primaryimage","url":"https:\/\/biamarrakech.com\/wp-content\/uploads\/2025\/05\/IMG_20240620_221339_865-768x768.webp","contentUrl":"https:\/\/biamarrakech.com\/wp-content\/uploads\/2025\/05\/IMG_20240620_221339_865-768x768.webp"},{"@type":"BreadcrumbList","@id":"https:\/\/biamarrakech.com\/admission\/#breadcrumb","itemListElement":[{"@type":"ListItem","position":1,"name":"Home","item":"https:\/\/biamarrakech.com\/"},{"@type":"ListItem","position":2,"name":"Admission"}]},{"@type":"WebSite","@id":"https:\/\/biamarrakech.com\/#website","url":"https:\/\/biamarrakech.com\/","name":"British International Academy Marrakech","description":"Learn Lead Succeed","publisher":{"@id":"https:\/\/biamarrakech.com\/#organization"},"alternateName":"BIAM","potentialAction":[{"@type":"SearchAction","target":{"@type":"EntryPoint","urlTemplate":"https:\/\/biamarrakech.com\/?s={search_term_string}"},"query-input":{"@type":"PropertyValueSpecification","valueRequired":true,"valueName":"search_term_string"}}],"inLanguage":"fr-FR"},{"@type":"Organization","@id":"https:\/\/biamarrakech.com\/#organization","name":"British International Academy Marrakech","alternateName":"BIAM","url":"https:\/\/biamarrakech.com\/","logo":{"@type":"ImageObject","inLanguage":"fr-FR","@id":"https:\/\/biamarrakech.com\/#\/schema\/logo\/image\/","url":"https:\/\/biamarrakech.com\/wp-content\/uploads\/2025\/05\/BIAM_logo.png","contentUrl":"https:\/\/biamarrakech.com\/wp-content\/uploads\/2025\/05\/BIAM_logo.png","width":1000,"height":1000,"caption":"British International Academy Marrakech"},"image":{"@id":"https:\/\/biamarrakech.com\/#\/schema\/logo\/image\/"},"sameAs":["https:\/\/instagram.com\/britishacademymarrakech"]}]}},"_links":{"self":[{"href":"https:\/\/biamarrakech.com\/fr\/wp-json\/wp\/v2\/pages\/14349","targetHints":{"allow":["GET"]}}],"collection":[{"href":"https:\/\/biamarrakech.com\/fr\/wp-json\/wp\/v2\/pages"}],"about":[{"href":"https:\/\/biamarrakech.com\/fr\/wp-json\/wp\/v2\/types\/page"}],"author":[{"embeddable":true,"href":"https:\/\/biamarrakech.com\/fr\/wp-json\/wp\/v2\/users\/2"}],"replies":[{"embeddable":true,"href":"https:\/\/biamarrakech.com\/fr\/wp-json\/wp\/v2\/comments?post=14349"}],"version-history":[{"count":13,"href":"https:\/\/biamarrakech.com\/fr\/wp-json\/wp\/v2\/pages\/14349\/revisions"}],"predecessor-version":[{"id":14854,"href":"https:\/\/biamarrakech.com\/fr\/wp-json\/wp\/v2\/pages\/14349\/revisions\/14854"}],"wp:attachment":[{"href":"https:\/\/biamarrakech.com\/fr\/wp-json\/wp\/v2\/media?parent=14349"}],"curies":[{"name":"wp","href":"https:\/\/api.w.org\/{rel}","templated":true}]}}